{"id":5468,"date":"2022-12-24T09:17:28","date_gmt":"2022-12-24T01:17:28","guid":{"rendered":"https:\/\/www.activatedcarbon.net\/?page_id=5468"},"modified":"2025-11-06T16:17:55","modified_gmt":"2025-11-06T08:17:55","slug":"coconut-activated-carbon-for-gold-mining","status":"publish","type":"page","link":"https:\/\/activatedcarbon.net\/tr\/coconut-activated-carbon-for-gold-mining\/","title":{"rendered":"Alt\u0131n madencili\u011fi i\u00e7in hindistan cevizi kabu\u011fu aktif karbon"},"content":{"rendered":"<div data-elementor-type=\"wp-page\" data-elementor-id=\"5468\" class=\"elementor elementor-5468\" data-elementor-post-type=\"page\">\n\t\t\t\t\t\t<section class=\"elementor-section elementor-top-section elementor-element elementor-element-557db6ba elementor-reverse-mobile elementor-section-content-bottom elementor-section-boxed elementor-section-height-default elementor-section-height-default\" data-id=\"557db6ba\" data-element_type=\"section\" data-e-type=\"section\" data-settings=\"{&quot;background_background&quot;:&quot;classic&quot;}\">\n\t\t\t\t\t\t\t<div class=\"elementor-background-overlay\"><\/div>\n\t\t\t\t\t\t\t<div class=\"elementor-container elementor-column-gap-default\">\n\t\t\t\t\t<div class=\"elementor-column elementor-col-50 elementor-top-column elementor-element elementor-element-3de1969a\" data-id=\"3de1969a\" data-element_type=\"column\" data-e-type=\"column\">\n\t\t\t<div class=\"elementor-widget-wrap elementor-element-populated\">\n\t\t\t\t\t\t<div class=\"elementor-element elementor-element-73a11c31 elementor-widget elementor-widget-elementskit-heading\" data-id=\"73a11c31\" data-element_type=\"widget\" data-e-type=\"widget\" data-widget_type=\"elementskit-heading.default\">\n\t\t\t\t<div class=\"elementor-widget-container\">\n\t\t\t\t\t<div class=\"ekit-wid-con\" ><div class=\"ekit-heading elementskit-section-title-wraper text_left   ekit_heading_tablet-   ekit_heading_mobile-\"><h1 class=\"ekit-heading--title elementskit-section-title\">Alt\u0131n madencili\u011fi i\u00e7in hindistan cevizi kabu\u011fu aktif karbon<\/h1><h3 class=\"ekit-heading--subtitle elementskit-section-subtitle\">\n\t\t\t\t\t\tHindistan cevizi kabu\u011fundan yap\u0131lm\u0131\u015f aktif gran\u00fcler karbon, m\u00fckemmel a\u015f\u0131nma direncine, alt\u0131n emme oran\u0131na ve \u00e7evre korumas\u0131na sahiptir. Alt\u0131n madenlerinde alt\u0131n kazan\u0131m\u0131 i\u00e7in kullan\u0131l\u0131r.\n\t\t\t\t\t<\/h3>\t\t\t\t<div class='ekit-heading__description'>\n\t\t\t\t\t<li>6*12mesh, 8*16mesh \/ CTC55-60 \/ \u0130yot de\u011feri: 1050-1200<\/li>\n<li>Ambalaj \u00f6zellikleri: 25kg\/torba<\/li>\n\t\t\t\t<\/div>\n\t\t\t<\/div><\/div>\t\t\t\t<\/div>\n\t\t\t\t<\/div>\n\t\t\t\t<div class=\"elementor-element elementor-element-457d49e2 elementor-widget-elementskit-dual-button-mobile-center call-to-dual-btn elementor-widget elementor-widget-elementskit-dual-button\" data-id=\"457d49e2\" data-element_type=\"widget\" data-e-type=\"widget\" data-widget_type=\"elementskit-dual-button.default\">\n\t\t\t\t<div class=\"elementor-widget-container\">\n\t\t\t\t\t<div class=\"ekit-wid-con\" >\n                <div class=\"ekit-element-align-wrapper\">\n                    <div class=\"ekit_double_button\">                <a class=\"ekit-double-btn ekit-double-btn-one\" href=\"#elementor-action%3Aaction%3Dpopup%3Aopen%26settings%3DeyJpZCI6IjEzNDQiLCJ0b2dnbGUiOmZhbHNlfQ%3D%3D\">\n                    Hemen Teklif Al\u0131n                <\/a>\n            \n            <a class=\"ekit-double-btn ekit-double-btn-two\" href=\"mailto:info@activatedcarbon.net\">\n                    <i aria-hidden=\"true\" class=\"icon icon-email1\"><\/i>info@activatedcarbon.net                <\/a>\n                  <\/div>\n                <\/div>\n            <\/div>\t\t\t\t<\/div>\n\t\t\t\t<\/div>\n\t\t\t\t\t<\/div>\n\t\t<\/div>\n\t\t\t\t<div class=\"elementor-column elementor-col-50 elementor-top-column elementor-element elementor-element-38c0f7cc\" data-id=\"38c0f7cc\" data-element_type=\"column\" data-e-type=\"column\">\n\t\t\t<div class=\"elementor-widget-wrap elementor-element-populated\">\n\t\t\t\t\t\t<div class=\"elementor-element elementor-element-ff666f4 elementor-widget elementor-widget-image\" data-id=\"ff666f4\" data-element_type=\"widget\" data-e-type=\"widget\" data-widget_type=\"image.default\">\n\t\t\t\t<div class=\"elementor-widget-container\">\n\t\t\t\t\t\t\t\t\t\t\t\t\t\t\t<img loading=\"lazy\" decoding=\"async\" width=\"706\" height=\"706\" src=\"https:\/\/activatedcarbon.net\/wp-content\/uploads\/2022\/12\/Coconut-shell-activated-carbon-for-gold-mining.jpg\" class=\"attachment-large size-large wp-image-5480\" alt=\"\" srcset=\"https:\/\/activatedcarbon.net\/wp-content\/uploads\/2022\/12\/Coconut-shell-activated-carbon-for-gold-mining.jpg 706w, https:\/\/activatedcarbon.net\/wp-content\/uploads\/2022\/12\/Coconut-shell-activated-carbon-for-gold-mining-300x300.jpg 300w, https:\/\/activatedcarbon.net\/wp-content\/uploads\/2022\/12\/Coconut-shell-activated-carbon-for-gold-mining-150x150.jpg 150w, https:\/\/activatedcarbon.net\/wp-content\/uploads\/2022\/12\/Coconut-shell-activated-carbon-for-gold-mining-12x12.jpg 12w\" sizes=\"auto, (max-width: 706px) 100vw, 706px\" title=\"\">\t\t\t\t\t\t\t\t\t\t\t\t\t\t\t<\/div>\n\t\t\t\t<\/div>\n\t\t\t\t\t<\/div>\n\t\t<\/div>\n\t\t\t\t\t<\/div>\n\t\t<\/section>\n\t\t\t\t<section class=\"elementor-section elementor-top-section elementor-element elementor-element-aee7307 elementor-section-boxed elementor-section-height-default elementor-section-height-default\" data-id=\"aee7307\" data-element_type=\"section\" data-e-type=\"section\">\n\t\t\t\t\t\t<div class=\"elementor-container elementor-column-gap-default\">\n\t\t\t\t\t<div class=\"elementor-column elementor-col-100 elementor-top-column elementor-element elementor-element-ffc7f4d\" data-id=\"ffc7f4d\" data-element_type=\"column\" data-e-type=\"column\">\n\t\t\t<div class=\"elementor-widget-wrap elementor-element-populated\">\n\t\t\t\t\t\t<div class=\"elementor-element elementor-element-b1cf84a elementor-widget elementor-widget-elementskit-tab\" data-id=\"b1cf84a\" data-element_type=\"widget\" data-e-type=\"widget\" data-widget_type=\"elementskit-tab.default\">\n\t\t\t\t<div class=\"elementor-widget-container\">\n\t\t\t\t\t<div class=\"ekit-wid-con\" >        <div class=\"elementkit-tab-wraper   elementskit-fitcontent-tab\">\n            <ul class=\"nav nav-tabs elementkit-tab-nav\">\n                                    <li class=\"elementkit-nav-item elementor-repeater-item-69d61c7\">\n                        <a class=\"elementkit-nav-link  active left-pos\" id=\"content-69d61c769de6bdba8b3f-tab\" data-ekit-handler-id=\"description\" data-ekit-toggle=\"tab\" data-target=\"#content-69d61c769de6bdba8b3f\" data-ekit-toggle-trigger=\"click\" aria-describedby=\"content-69d61c769de6bdba8b3f\" href=\"#content-69d61c769de6bdba8b3f\">\n                                                        <div class=\"ekit-tab-title-group\">\n                                                                <span class=\"elementskit-tab-title\">Tan\u0131m<\/span>\n                            <\/div>\n                        <\/a>\n                    <\/li>\n                                <\/ul>\n\n\t\t\t<div class=\"tab-content elementkit-tab-content\">\n\t\t\t\t\t\t\t\t\t<div class=\"tab-pane elementkit-tab-pane elementor-repeater-item-69d61c7  active show\" id=\"content-69d61c769de6bdba8b3f\" role=\"tabpanel\" aria-labelledby=\"content-69d61c769de6bdba8b3f-tab\">\n\t\t\t\t\t\t<div class=\"animated fadeIn\">\n\t\t\t\t\t\t\t\n\t\t<div class=\"widgetarea_warper widgetarea_warper_editable\" data-elementskit-widgetarea-key=\"b1cf84a\"  data-elementskit-widgetarea-index=\"69d61c7\">\n\t\t\t\n\t\t\t\n\t\t\t\t\t\t\t\t<div class=\"ekit-widget-area-container\">\n\t\t\t\t\t\t\t<div data-elementor-type=\"wp-post\" data-elementor-id=\"5340\" class=\"elementor elementor-5340\" data-elementor-post-type=\"elementskit_content\">\n\t\t\t\t\t\t<section class=\"elementor-section elementor-top-section elementor-element elementor-element-ade8faa elementor-section-boxed elementor-section-height-default elementor-section-height-default\" data-id=\"ade8faa\" data-element_type=\"section\" data-e-type=\"section\">\n\t\t\t\t\t\t<div class=\"elementor-container elementor-column-gap-default\">\n\t\t\t\t\t<div class=\"elementor-column elementor-col-100 elementor-top-column elementor-element elementor-element-4ff6e4f\" data-id=\"4ff6e4f\" data-element_type=\"column\" data-e-type=\"column\">\n\t\t\t<div class=\"elementor-widget-wrap elementor-element-populated\">\n\t\t\t\t\t\t<section class=\"elementor-section elementor-inner-section elementor-element elementor-element-3fa4dda elementor-section-boxed elementor-section-height-default elementor-section-height-default\" data-id=\"3fa4dda\" data-element_type=\"section\" data-e-type=\"section\">\n\t\t\t\t\t\t<div class=\"elementor-container elementor-column-gap-default\">\n\t\t\t\t\t<div class=\"elementor-column elementor-col-50 elementor-inner-column elementor-element elementor-element-4da1556\" data-id=\"4da1556\" data-element_type=\"column\" data-e-type=\"column\">\n\t\t\t<div class=\"elementor-widget-wrap elementor-element-populated\">\n\t\t\t\t\t\t<div class=\"elementor-element elementor-element-eca2469 elementor-widget elementor-widget-text-editor\" data-id=\"eca2469\" data-element_type=\"widget\" data-e-type=\"widget\" data-widget_type=\"text-editor.default\">\n\t\t\t\t<div class=\"elementor-widget-container\">\n\t\t\t\t\t\t\t\t\t<p>\u015eirketimiz \u00f6ncelikle y\u00fcksek iyot de\u011feri, d\u00fc\u015f\u00fck k\u00fcl i\u00e7eri\u011fi ve y\u00fcksek CTC vb. ile karakterize edilen ZLEAC-D serisi peletlenmi\u015f aktif karbon \u00fcr\u00fcnlerini sunmaktad\u0131r.<\/p><p>Bunlar y\u00fcksek s\u0131cakl\u0131kta buhar aktivasyonu ve kimyasal emprenye yoluyla \u00fcretilir. Bu tip karbon, koku kontrol\u00fc, end\u00fcstriyel gaz adsorpsiyonu, kataliz\u00f6r deste\u011fi ve hava ar\u0131tma gibi \u00e7e\u015fitli uygulamalar i\u00e7in uygun, onaylanm\u0131\u015f bir \u00fcr\u00fcnd\u00fcr.<\/p><p><strong>Paketleme:<\/strong> Polipropilen torba (25kg\/torba). \u00dcr\u00fcn fabrika denetimi veya \u00fc\u00e7\u00fcnc\u00fc taraf kalite denetimi (SGS)<\/p>\t\t\t\t\t\t\t\t<\/div>\n\t\t\t\t<\/div>\n\t\t\t\t<div class=\"elementor-element elementor-element-aabae18 elementor-widget elementor-widget-heading\" data-id=\"aabae18\" data-element_type=\"widget\" data-e-type=\"widget\" data-widget_type=\"heading.default\">\n\t\t\t\t<div class=\"elementor-widget-container\">\n\t\t\t\t\t<h3 class=\"elementor-heading-title elementor-size-default\">\u00dcr\u00fcn \u00d6zellikleri<\/h3>\t\t\t\t<\/div>\n\t\t\t\t<\/div>\n\t\t\t\t<div class=\"elementor-element elementor-element-67ed1dc elementor-widget elementor-widget-text-editor\" data-id=\"67ed1dc\" data-element_type=\"widget\" data-e-type=\"widget\" data-widget_type=\"text-editor.default\">\n\t\t\t\t<div class=\"elementor-widget-container\">\n\t\t\t\t\t\t\t\t\t<ul><li>K\u00f6m\u00fcr bazl\u0131 pelet kullan\u0131m\u0131, iyi mekanik \u00f6zelliklere sahip, y\u00fcksek yo\u011funluklu bir \u00fcr\u00fcn sa\u011flar.<\/li><li>M\u00fckemmel a\u015f\u0131nma direnci, karbon kayb\u0131n\u0131 azalt\u0131r;<\/li><li>ZLEAC-D serisi aktif karbon, asit gaz\u0131 giderme uygulamalar\u0131 i\u00e7in en uygun maliyetlidir<\/li><\/ul>\t\t\t\t\t\t\t\t<\/div>\n\t\t\t\t<\/div>\n\t\t\t\t<div class=\"elementor-element elementor-element-52e2ad5 elementor-widget elementor-widget-heading\" data-id=\"52e2ad5\" data-element_type=\"widget\" data-e-type=\"widget\" data-widget_type=\"heading.default\">\n\t\t\t\t<div class=\"elementor-widget-container\">\n\t\t\t\t\t<h3 class=\"elementor-heading-title elementor-size-default\">CTC70 Aktif Karbon Uygulamalar\u0131<\/h3>\t\t\t\t<\/div>\n\t\t\t\t<\/div>\n\t\t\t\t<div class=\"elementor-element elementor-element-6edacea elementor-widget elementor-widget-text-editor\" data-id=\"6edacea\" data-element_type=\"widget\" data-e-type=\"widget\" data-widget_type=\"text-editor.default\">\n\t\t\t\t<div class=\"elementor-widget-container\">\n\t\t\t\t\t\t\t\t\t<ul><li>End\u00fcstriyel gazlardan veya biyogazdan yabanc\u0131 maddelerin uzakla\u015ft\u0131r\u0131lmas\u0131.<\/li><li>U\u00e7ucu organik bile\u015fiklerin (VOC&#039;ler) ve di\u011fer zararl\u0131 hava kirleticilerin end\u00fcstriyel proseslerde adsorpsiyonu.<\/li><li>VOC gaz kontrol\u00fc.<\/li><li>Kataliz\u00f6r deste\u011fi.<\/li><li>\u0130\u00e7 mekan hava tedavisi.<\/li><\/ul>\t\t\t\t\t\t\t\t<\/div>\n\t\t\t\t<\/div>\n\t\t\t\t<div class=\"elementor-element elementor-element-1e0fea7 elementor-widget elementor-widget-heading\" data-id=\"1e0fea7\" data-element_type=\"widget\" data-e-type=\"widget\" data-widget_type=\"heading.default\">\n\t\t\t\t<div class=\"elementor-widget-container\">\n\t\t\t\t\t<h3 class=\"elementor-heading-title elementor-size-default\">\u015eartname<\/h3>\t\t\t\t<\/div>\n\t\t\t\t<\/div>\n\t\t\t\t<div class=\"elementor-element elementor-element-eafe8a7 elementor-icon-list--layout-traditional elementor-list-item-link-full_width elementor-widget elementor-widget-icon-list\" data-id=\"eafe8a7\" data-element_type=\"widget\" data-e-type=\"widget\" data-widget_type=\"icon-list.default\">\n\t\t\t\t<div class=\"elementor-widget-container\">\n\t\t\t\t\t\t\t<ul class=\"elementor-icon-list-items\">\n\t\t\t\t\t\t\t<li class=\"elementor-icon-list-item\">\n\t\t\t\t\t\t\t\t\t\t<span class=\"elementor-icon-list-text\"><b>D\u0131\u015f g\u00f6r\u00fcn\u00fc\u015f: <\/b>siyah, peletlenmi\u015f<\/span>\n\t\t\t\t\t\t\t\t\t<\/li>\n\t\t\t\t\t\t\t\t<li class=\"elementor-icon-list-item\">\n\t\t\t\t\t\t\t\t\t\t<span class=\"elementor-icon-list-text\"><b>Par\u00e7ac\u0131k boyutu:<\/b> 0,9 mm, 1,5 mm, 2 mm, 4 mm, 5 mm, 8 mm<\/span>\n\t\t\t\t\t\t\t\t\t<\/li>\n\t\t\t\t\t\t\t\t<li class=\"elementor-icon-list-item\">\n\t\t\t\t\t\t\t\t\t\t<span class=\"elementor-icon-list-text\"><b>CTC: <\/b>70%(dak)<\/span>\n\t\t\t\t\t\t\t\t\t<\/li>\n\t\t\t\t\t\t\t\t<li class=\"elementor-icon-list-item\">\n\t\t\t\t\t\t\t\t\t\t<span class=\"elementor-icon-list-text\"><b>Nemli i\u00e7erik: <\/b>3%(maks)<\/span>\n\t\t\t\t\t\t\t\t\t<\/li>\n\t\t\t\t\t\t\t\t<li class=\"elementor-icon-list-item\">\n\t\t\t\t\t\t\t\t\t\t<span class=\"elementor-icon-list-text\"><b>Sertlik:<\/b> 95%(dak)<\/span>\n\t\t\t\t\t\t\t\t\t<\/li>\n\t\t\t\t\t\t\t\t<li class=\"elementor-icon-list-item\">\n\t\t\t\t\t\t\t\t\t\t<span class=\"elementor-icon-list-text\"><b>G\u00f6r\u00fcnen Yo\u011funluk: <\/b>550g\/L(maks.)<\/span>\n\t\t\t\t\t\t\t\t\t<\/li>\n\t\t\t\t\t\t<\/ul>\n\t\t\t\t\t\t<\/div>\n\t\t\t\t<\/div>\n\t\t\t\t\t<\/div>\n\t\t<\/div>\n\t\t\t\t<div class=\"elementor-column elementor-col-50 elementor-inner-column elementor-element elementor-element-4765ca8\" data-id=\"4765ca8\" data-element_type=\"column\" data-e-type=\"column\">\n\t\t\t<div class=\"elementor-widget-wrap elementor-element-populated\">\n\t\t\t\t\t\t<div class=\"elementor-element elementor-element-21cb52d elementor-widget elementor-widget-image\" data-id=\"21cb52d\" data-element_type=\"widget\" data-e-type=\"widget\" data-widget_type=\"image.default\">\n\t\t\t\t<div class=\"elementor-widget-container\">\n\t\t\t\t\t\t\t\t\t\t\t\t\t\t\t<img loading=\"lazy\" decoding=\"async\" width=\"600\" height=\"426\" src=\"https:\/\/activatedcarbon.net\/wp-content\/uploads\/2022\/11\/coconut-shell-activated-carbon-25-kg.jpg\" class=\"attachment-large size-large wp-image-4841\" alt=\"hindistan cevizi kabu\u011fu aktif karbon 25 kg\" srcset=\"https:\/\/activatedcarbon.net\/wp-content\/uploads\/2022\/11\/coconut-shell-activated-carbon-25-kg.jpg 600w, https:\/\/activatedcarbon.net\/wp-content\/uploads\/2022\/11\/coconut-shell-activated-carbon-25-kg-300x213.jpg 300w, https:\/\/activatedcarbon.net\/wp-content\/uploads\/2022\/11\/coconut-shell-activated-carbon-25-kg-18x12.jpg 18w\" sizes=\"auto, (max-width: 600px) 100vw, 600px\" title=\"\">\t\t\t\t\t\t\t\t\t\t\t\t\t\t\t<\/div>\n\t\t\t\t<\/div>\n\t\t\t\t\t<\/div>\n\t\t<\/div>\n\t\t\t\t\t<\/div>\n\t\t<\/section>\n\t\t\t\t\t<\/div>\n\t\t<\/div>\n\t\t\t\t\t<\/div>\n\t\t<\/section>\n\t\t\t\t<\/div>\n\t\t\t\t\t\t\t<\/div>\n\t\t\t\t\t\t<\/div>\n\t\t\t\t\t\t\t\t<\/div>\n\t\t\t\t\t<\/div>\n\t\t\t\t\t\t\t<\/div>\n        <\/div>\n    <\/div>\t\t\t\t<\/div>\n\t\t\t\t<\/div>\n\t\t\t\t<section class=\"elementor-section elementor-inner-section elementor-element elementor-element-28e6079 elementor-section-boxed elementor-section-height-default elementor-section-height-default\" data-id=\"28e6079\" data-element_type=\"section\" data-e-type=\"section\">\n\t\t\t\t\t\t<div class=\"elementor-container elementor-column-gap-default\">\n\t\t\t\t\t<div class=\"elementor-column elementor-col-50 elementor-inner-column elementor-element elementor-element-a89ef64\" data-id=\"a89ef64\" data-element_type=\"column\" data-e-type=\"column\">\n\t\t\t<div class=\"elementor-widget-wrap elementor-element-populated\">\n\t\t\t\t\t\t<div class=\"elementor-element elementor-element-288c429 elementor-widget elementor-widget-elementskit-heading\" data-id=\"288c429\" data-element_type=\"widget\" data-e-type=\"widget\" data-widget_type=\"elementskit-heading.default\">\n\t\t\t\t<div class=\"elementor-widget-container\">\n\t\t\t\t\t<div class=\"ekit-wid-con\" ><div class=\"ekit-heading elementskit-section-title-wraper text_left   ekit_heading_tablet-   ekit_heading_mobile-\"><h3 class=\"ekit-heading--title elementskit-section-title\">Zhulin K\u00fcresel End\u00fcstri B\u00f6l\u00fcm\u00fc Alt\u0131n Geri Kazan\u0131m\u0131<\/h3>\t\t\t\t<div class='ekit-heading__description'>\n\t\t\t\t\t<p>Merkezi \u00c7in&#039;de bulunan Global End\u00fcstriyel segmentimiz, alt\u0131n madencili\u011fi end\u00fcstrisindeki m\u00fc\u015fterilere \u00fcr\u00fcn ve hizmetler sunmaya adanm\u0131\u015ft\u0131r. 20 y\u0131l\u0131 a\u015fk\u0131n bir s\u00fcredir aktif karbon tedarik\u00e7isi olarak sekt\u00f6re ve uygulamaya \u00f6zel uzmanl\u0131k edindik ve bunu \u00fcr\u00fcnlerimize ve \u00e7\u00f6z\u00fcmlerimize uygulad\u0131k. ZLGOLD alt\u0131n \u00f6zel karbonumuz Afrika, G\u00fcney Amerika ve Asya&#039;da 20&#039;den fazla \u00fclkede yayg\u0131n olarak kullan\u0131lmaktad\u0131r.<\/p>\n\t\t\t\t<\/div>\n\t\t\t<\/div><\/div>\t\t\t\t<\/div>\n\t\t\t\t<\/div>\n\t\t\t\t\t<\/div>\n\t\t<\/div>\n\t\t\t\t<div class=\"elementor-column elementor-col-50 elementor-inner-column elementor-element elementor-element-e852461\" data-id=\"e852461\" data-element_type=\"column\" data-e-type=\"column\">\n\t\t\t<div class=\"elementor-widget-wrap elementor-element-populated\">\n\t\t\t\t\t\t<div class=\"elementor-element elementor-element-e055d4b elementor-widget elementor-widget-elementskit-heading\" data-id=\"e055d4b\" data-element_type=\"widget\" data-e-type=\"widget\" data-widget_type=\"elementskit-heading.default\">\n\t\t\t\t<div class=\"elementor-widget-container\">\n\t\t\t\t\t<div class=\"ekit-wid-con\" ><div class=\"ekit-heading elementskit-section-title-wraper text_left   ekit_heading_tablet-   ekit_heading_mobile-\"><p class=\"ekit-heading--title elementskit-section-title\">Zhulin Karbon<\/p><p class=\"ekit-heading--subtitle elementskit-section-subtitle\">\n\t\t\t\t\t\t\u00dcretici \/ K\u00fcresel tedarik\u00e7i\n\t\t\t\t\t<\/p><\/div><\/div>\t\t\t\t<\/div>\n\t\t\t\t<\/div>\n\t\t\t\t<div class=\"elementor-element elementor-element-50ebebc elementor-icon-list--layout-traditional elementor-list-item-link-full_width elementor-widget elementor-widget-icon-list\" data-id=\"50ebebc\" data-element_type=\"widget\" data-e-type=\"widget\" data-widget_type=\"icon-list.default\">\n\t\t\t\t<div class=\"elementor-widget-container\">\n\t\t\t\t\t\t\t<ul class=\"elementor-icon-list-items\">\n\t\t\t\t\t\t\t<li class=\"elementor-icon-list-item\">\n\t\t\t\t\t\t\t\t\t\t\t<a href=\"mailto:info@activatedcarbon.net\">\n\n\t\t\t\t\t\t\t\t\t\t\t\t<span class=\"elementor-icon-list-icon\">\n\t\t\t\t\t\t\t<i aria-hidden=\"true\" class=\"icon icon-envelope3\"><\/i>\t\t\t\t\t\t<\/span>\n\t\t\t\t\t\t\t\t\t\t<span class=\"elementor-icon-list-text\">info@activatedcarbon.net<\/span>\n\t\t\t\t\t\t\t\t\t\t\t<\/a>\n\t\t\t\t\t\t\t\t\t<\/li>\n\t\t\t\t\t\t<\/ul>\n\t\t\t\t\t\t<\/div>\n\t\t\t\t<\/div>\n\t\t\t\t\t<\/div>\n\t\t<\/div>\n\t\t\t\t\t<\/div>\n\t\t<\/section>\n\t\t\t\t\t<\/div>\n\t\t<\/div>\n\t\t\t\t\t<\/div>\n\t\t<\/section>\n\t\t\t\t<section class=\"elementor-section elementor-top-section elementor-element elementor-element-7dff7733 elementor-section-boxed elementor-section-height-default elementor-section-height-default\" data-id=\"7dff7733\" data-element_type=\"section\" data-e-type=\"section\">\n\t\t\t\t\t\t<div class=\"elementor-container elementor-column-gap-default\">\n\t\t\t\t\t<div class=\"elementor-column elementor-col-100 elementor-top-column elementor-element elementor-element-2e8ff1c5\" data-id=\"2e8ff1c5\" data-element_type=\"column\" data-e-type=\"column\">\n\t\t\t<div class=\"elementor-widget-wrap elementor-element-populated\">\n\t\t\t\t\t\t<section class=\"elementor-section elementor-inner-section elementor-element elementor-element-23f536af elementor-section-full_width elementor-section-height-default elementor-section-height-default\" data-id=\"23f536af\" data-element_type=\"section\" data-e-type=\"section\" data-settings=\"{&quot;background_background&quot;:&quot;classic&quot;}\">\n\t\t\t\t\t\t<div class=\"elementor-container elementor-column-gap-default\">\n\t\t\t\t\t<div class=\"elementor-column elementor-col-50 elementor-inner-column elementor-element elementor-element-58fa8f38\" data-id=\"58fa8f38\" data-element_type=\"column\" data-e-type=\"column\">\n\t\t\t<div class=\"elementor-widget-wrap elementor-element-populated\">\n\t\t\t\t\t\t<div class=\"elementor-element elementor-element-6b2a50e0 elementor-widget elementor-widget-elementskit-heading\" data-id=\"6b2a50e0\" data-element_type=\"widget\" data-e-type=\"widget\" data-widget_type=\"elementskit-heading.default\">\n\t\t\t\t<div class=\"elementor-widget-container\">\n\t\t\t\t\t<div class=\"ekit-wid-con\" ><div class=\"ekit-heading elementskit-section-title-wraper text_left   ekit_heading_tablet-   ekit_heading_mobile-text_center\"><p class=\"ekit-heading--title elementskit-section-title\">Bug\u00fcn bizimle ileti\u015fime ge\u00e7in<\/p>\t\t\t\t<div class='ekit-heading__description'>\n\t\t\t\t\t<p>Aktif karbon \u00fcr\u00fcnlerimiz hakk\u0131nda daha fazla bilgi almak veya fiyat teklifi, numune, TDS ve MSDS vb. almak i\u00e7in.\u200b<\/p>\n\t\t\t\t<\/div>\n\t\t\t<\/div><\/div>\t\t\t\t<\/div>\n\t\t\t\t<\/div>\n\t\t\t\t\t<\/div>\n\t\t<\/div>\n\t\t\t\t<div class=\"elementor-column elementor-col-50 elementor-inner-column elementor-element elementor-element-77df4656\" data-id=\"77df4656\" data-element_type=\"column\" data-e-type=\"column\">\n\t\t\t<div class=\"elementor-widget-wrap elementor-element-populated\">\n\t\t\t\t\t\t<div class=\"elementor-element elementor-element-5810733d elementor-align-right elementor-align--mobilecenter elementor-widget elementor-widget-elementskit-button\" data-id=\"5810733d\" data-element_type=\"widget\" data-e-type=\"widget\" data-widget_type=\"elementskit-button.default\">\n\t\t\t\t<div class=\"elementor-widget-container\">\n\t\t\t\t\t<div class=\"ekit-wid-con\" >\t\t<div class=\"ekit-btn-wraper\">\n\t\t\t\t\t\t\t<a href=\"#elementor-action%3Aaction%3Dpopup%3Aopen%26settings%3DeyJpZCI6IjEzNDQiLCJ0b2dnbGUiOmZhbHNlfQ%3D%3D\" class=\"elementskit-btn  whitespace--normal\" id=\"\">\n\t\t\t\t\tTeklif Al\t\t\t\t<\/a>\n\t\t\t\t\t<\/div>\n        <\/div>\t\t\t\t<\/div>\n\t\t\t\t<\/div>\n\t\t\t\t\t<\/div>\n\t\t<\/div>\n\t\t\t\t\t<\/div>\n\t\t<\/section>\n\t\t\t\t\t<\/div>\n\t\t<\/div>\n\t\t\t\t\t<\/div>\n\t\t<\/section>\n\t\t\t\t<\/div>","protected":false},"excerpt":{"rendered":"<p>Activated granular carbon, made of coconut shell, has excellent wear resistance, gold absorption rate and environmental protection. Used for gold recovery on gold mines. 6*12mesh, 8*16mesh \/ CTC55-60 \/ Iodine value: 1050-1200 Packing specification: 25kg\/bag info@activatedcarbon.net Description Edit Content ZLGLOD is coconut shell based activated carbon. It is known for its adsorption capacity (surface area), [&hellip;]<\/p>\n","protected":false},"author":1,"featured_media":5480,"parent":0,"menu_order":0,"comment_status":"closed","ping_status":"closed","template":"","meta":{"_uag_custom_page_level_css":"","footnotes":""},"class_list":["post-5468","page","type-page","status-publish","has-post-thumbnail","hentry"],"uagb_featured_image_src":{"full":["https:\/\/activatedcarbon.net\/wp-content\/uploads\/2022\/12\/Coconut-shell-activated-carbon-for-gold-mining.jpg",706,706,false],"thumbnail":["https:\/\/activatedcarbon.net\/wp-content\/uploads\/2022\/12\/Coconut-shell-activated-carbon-for-gold-mining-150x150.jpg",150,150,true],"medium":["https:\/\/activatedcarbon.net\/wp-content\/uploads\/2022\/12\/Coconut-shell-activated-carbon-for-gold-mining-300x300.jpg",300,300,true],"medium_large":["https:\/\/activatedcarbon.net\/wp-content\/uploads\/2022\/12\/Coconut-shell-activated-carbon-for-gold-mining.jpg",706,706,false],"large":["https:\/\/activatedcarbon.net\/wp-content\/uploads\/2022\/12\/Coconut-shell-activated-carbon-for-gold-mining.jpg",706,706,false],"1536x1536":["https:\/\/activatedcarbon.net\/wp-content\/uploads\/2022\/12\/Coconut-shell-activated-carbon-for-gold-mining.jpg",706,706,false],"2048x2048":["https:\/\/activatedcarbon.net\/wp-content\/uploads\/2022\/12\/Coconut-shell-activated-carbon-for-gold-mining.jpg",706,706,false],"trp-custom-language-flag":["https:\/\/activatedcarbon.net\/wp-content\/uploads\/2022\/12\/Coconut-shell-activated-carbon-for-gold-mining-12x12.jpg",12,12,true]},"uagb_author_info":{"display_name":"zhulincarbon","author_link":"https:\/\/activatedcarbon.net\/tr\/author\/zhulincarbon\/"},"uagb_comment_info":0,"uagb_excerpt":"Activated granular carbon, made of coconut shell, has excellent wear resistance, gold absorption rate and environmental protection. Used for gold recovery on gold mines. 6*12mesh, 8*16mesh \/ CTC55-60 \/ Iodine value: 1050-1200 Packing specification: 25kg\/bag info@activatedcarbon.net Description Edit Content ZLGLOD is coconut shell based activated carbon. It is known for its adsorption capacity (surface area),&hellip;","_links":{"self":[{"href":"https:\/\/activatedcarbon.net\/tr\/wp-json\/wp\/v2\/pages\/5468","targetHints":{"allow":["GET"]}}],"collection":[{"href":"https:\/\/activatedcarbon.net\/tr\/wp-json\/wp\/v2\/pages"}],"about":[{"href":"https:\/\/activatedcarbon.net\/tr\/wp-json\/wp\/v2\/types\/page"}],"author":[{"embeddable":true,"href":"https:\/\/activatedcarbon.net\/tr\/wp-json\/wp\/v2\/users\/1"}],"replies":[{"embeddable":true,"href":"https:\/\/activatedcarbon.net\/tr\/wp-json\/wp\/v2\/comments?post=5468"}],"version-history":[{"count":1,"href":"https:\/\/activatedcarbon.net\/tr\/wp-json\/wp\/v2\/pages\/5468\/revisions"}],"predecessor-version":[{"id":10694,"href":"https:\/\/activatedcarbon.net\/tr\/wp-json\/wp\/v2\/pages\/5468\/revisions\/10694"}],"wp:featuredmedia":[{"embeddable":true,"href":"https:\/\/activatedcarbon.net\/tr\/wp-json\/wp\/v2\/media\/5480"}],"wp:attachment":[{"href":"https:\/\/activatedcarbon.net\/tr\/wp-json\/wp\/v2\/media?parent=5468"}],"curies":[{"name":"wp","href":"https:\/\/api.w.org\/{rel}","templated":true}]}}