{"id":516,"date":"2022-09-05T01:07:21","date_gmt":"2022-09-04T17:07:21","guid":{"rendered":"http:\/\/activatedcarbon.net\/?page_id=516"},"modified":"2025-11-06T16:16:53","modified_gmt":"2025-11-06T08:16:53","slug":"certifications","status":"publish","type":"page","link":"https:\/\/activatedcarbon.net\/tr\/certifications\/","title":{"rendered":"Sertifikalar"},"content":{"rendered":"<div data-elementor-type=\"wp-page\" data-elementor-id=\"516\" class=\"elementor elementor-516\" data-elementor-post-type=\"page\">\n\t\t\t\t\t\t<section class=\"elementor-section elementor-top-section elementor-element elementor-element-3a56ff2 elementor-section-boxed elementor-section-height-default elementor-section-height-default\" data-id=\"3a56ff2\" data-element_type=\"section\" data-e-type=\"section\" data-settings=\"{&quot;background_background&quot;:&quot;classic&quot;}\">\n\t\t\t\t\t\t\t<div class=\"elementor-background-overlay\"><\/div>\n\t\t\t\t\t\t\t<div class=\"elementor-container elementor-column-gap-default\">\n\t\t\t\t\t<div class=\"elementor-column elementor-col-100 elementor-top-column elementor-element elementor-element-1618a8d7\" data-id=\"1618a8d7\" data-element_type=\"column\" data-e-type=\"column\">\n\t\t\t<div class=\"elementor-widget-wrap elementor-element-populated\">\n\t\t\t\t\t\t<div class=\"elementor-element elementor-element-262e5039 elementor-widget elementor-widget-heading\" data-id=\"262e5039\" data-element_type=\"widget\" data-e-type=\"widget\" data-widget_type=\"heading.default\">\n\t\t\t\t<div class=\"elementor-widget-container\">\n\t\t\t\t\t<h1 class=\"elementor-heading-title elementor-size-default\">Sertifikalar<\/h1>\t\t\t\t<\/div>\n\t\t\t\t<\/div>\n\t\t\t\t\t<\/div>\n\t\t<\/div>\n\t\t\t\t\t<\/div>\n\t\t<\/section>\n\t\t\t\t<section class=\"elementor-section elementor-top-section elementor-element elementor-element-d254db7 elementor-section-boxed elementor-section-height-default elementor-section-height-default\" data-id=\"d254db7\" data-element_type=\"section\" data-e-type=\"section\">\n\t\t\t\t\t\t<div class=\"elementor-container elementor-column-gap-default\">\n\t\t\t\t\t<div class=\"elementor-column elementor-col-100 elementor-top-column elementor-element elementor-element-dc9ccce\" data-id=\"dc9ccce\" data-element_type=\"column\" data-e-type=\"column\">\n\t\t\t<div class=\"elementor-widget-wrap elementor-element-populated\">\n\t\t\t\t\t\t<section class=\"elementor-section elementor-inner-section elementor-element elementor-element-1a31e49 elementor-section-boxed elementor-section-height-default elementor-section-height-default\" data-id=\"1a31e49\" data-element_type=\"section\" data-e-type=\"section\">\n\t\t\t\t\t\t<div class=\"elementor-container elementor-column-gap-default\">\n\t\t\t\t\t<div class=\"elementor-column elementor-col-50 elementor-inner-column elementor-element elementor-element-f00d65e\" data-id=\"f00d65e\" data-element_type=\"column\" data-e-type=\"column\">\n\t\t\t<div class=\"elementor-widget-wrap elementor-element-populated\">\n\t\t\t\t\t\t<div class=\"elementor-element elementor-element-5178868 elementor-widget elementor-widget-image\" data-id=\"5178868\" data-element_type=\"widget\" data-e-type=\"widget\" data-widget_type=\"image.default\">\n\t\t\t\t<div class=\"elementor-widget-container\">\n\t\t\t\t\t\t\t\t\t\t\t\t\t\t\t<img loading=\"lazy\" decoding=\"async\" width=\"295\" height=\"289\" src=\"https:\/\/activatedcarbon.net\/wp-content\/uploads\/2022\/09\/NSF.jpg\" class=\"attachment-large size-large wp-image-1986\" alt=\"\" title=\"\">\t\t\t\t\t\t\t\t\t\t\t\t\t\t\t<\/div>\n\t\t\t\t<\/div>\n\t\t\t\t\t<\/div>\n\t\t<\/div>\n\t\t\t\t<div class=\"elementor-column elementor-col-50 elementor-inner-column elementor-element elementor-element-fd26ad2\" data-id=\"fd26ad2\" data-element_type=\"column\" data-e-type=\"column\">\n\t\t\t<div class=\"elementor-widget-wrap elementor-element-populated\">\n\t\t\t\t\t\t<div class=\"elementor-element elementor-element-f5ba674 elementor-widget elementor-widget-heading\" data-id=\"f5ba674\" data-element_type=\"widget\" data-e-type=\"widget\" data-widget_type=\"heading.default\">\n\t\t\t\t<div class=\"elementor-widget-container\">\n\t\t\t\t\t<h2 class=\"elementor-heading-title elementor-size-default\">NSF Uluslararas\u0131 Uyumlulu\u011fu<\/h2>\t\t\t\t<\/div>\n\t\t\t\t<\/div>\n\t\t\t\t<div class=\"elementor-element elementor-element-56bb9096 elementor-widget elementor-widget-text-editor\" data-id=\"56bb9096\" data-element_type=\"widget\" data-e-type=\"widget\" data-widget_type=\"text-editor.default\">\n\t\t\t\t<div class=\"elementor-widget-container\">\n\t\t\t\t\t\t\t\t\t<p>NSF onayl\u0131 \u00fcr\u00fcnler sunuyoruz. Buna NSF\/ANSI 61 uyumlulu\u011fu da dahildir; bu t\u00fcr aktif karbon bir\u00e7ok durumda i\u00e7me suyu uygulamalar\u0131 i\u00e7in uygundur.<\/p><p><a href=\"https:\/\/info.nsf.org\/Certified\/PwsComponents\/Listings.asp?Company=C0557276&amp;Standard=061\" rel=\"nofollow noopener\" target=\"_blank\">https:\/\/info.nsf.org\/Certified\/Pws&#8230;.<\/a><\/p>\t\t\t\t\t\t\t\t<\/div>\n\t\t\t\t<\/div>\n\t\t\t\t<div class=\"elementor-element elementor-element-966aeb8 elementor-widget elementor-widget-button\" data-id=\"966aeb8\" data-element_type=\"widget\" data-e-type=\"widget\" data-widget_type=\"button.default\">\n\t\t\t\t<div class=\"elementor-widget-container\">\n\t\t\t\t\t\t\t\t\t<div class=\"elementor-button-wrapper\">\n\t\t\t\t\t<a class=\"elementor-button elementor-button-link elementor-size-sm\" href=\"#elementor-action%3Aaction%3Dlightbox%26settings%3DeyJ1cmwiOiJodHRwOlwvXC9hY3RpdmF0ZWRjYXJib24ubmV0XC93cC1jb250ZW50XC91cGxvYWRzXC8yMDIyXC8wOVwvWmh1bGluLU5TRi5qcGciLCJ0eXBlIjoiaW1hZ2UiLCJ0aXRsZSI6IlpodWxpbi1OU0YifQ%3D%3D\">\n\t\t\t\t\t\t<span class=\"elementor-button-content-wrapper\">\n\t\t\t\t\t\t\t\t\t<span class=\"elementor-button-text\">buraya t\u0131klay\u0131n<\/span>\n\t\t\t\t\t<\/span>\n\t\t\t\t\t<\/a>\n\t\t\t\t<\/div>\n\t\t\t\t\t\t\t\t<\/div>\n\t\t\t\t<\/div>\n\t\t\t\t\t<\/div>\n\t\t<\/div>\n\t\t\t\t\t<\/div>\n\t\t<\/section>\n\t\t\t\t<section class=\"elementor-section elementor-inner-section elementor-element elementor-element-7487dd3 elementor-section-boxed elementor-section-height-default elementor-section-height-default\" data-id=\"7487dd3\" data-element_type=\"section\" data-e-type=\"section\">\n\t\t\t\t\t\t<div class=\"elementor-container elementor-column-gap-default\">\n\t\t\t\t\t<div class=\"elementor-column elementor-col-50 elementor-inner-column elementor-element elementor-element-b8d589f\" data-id=\"b8d589f\" data-element_type=\"column\" data-e-type=\"column\">\n\t\t\t<div class=\"elementor-widget-wrap elementor-element-populated\">\n\t\t\t\t\t\t<div class=\"elementor-element elementor-element-d149f23 elementor-widget elementor-widget-image\" data-id=\"d149f23\" data-element_type=\"widget\" data-e-type=\"widget\" data-widget_type=\"image.default\">\n\t\t\t\t<div class=\"elementor-widget-container\">\n\t\t\t\t\t\t\t\t\t\t\t\t\t\t\t<img loading=\"lazy\" decoding=\"async\" width=\"280\" height=\"274\" src=\"https:\/\/activatedcarbon.net\/wp-content\/uploads\/2022\/09\/HALAL.png\" class=\"attachment-large size-large wp-image-2001\" alt=\"\" title=\"\">\t\t\t\t\t\t\t\t\t\t\t\t\t\t\t<\/div>\n\t\t\t\t<\/div>\n\t\t\t\t\t<\/div>\n\t\t<\/div>\n\t\t\t\t<div class=\"elementor-column elementor-col-50 elementor-inner-column elementor-element elementor-element-b59509b\" data-id=\"b59509b\" data-element_type=\"column\" data-e-type=\"column\">\n\t\t\t<div class=\"elementor-widget-wrap elementor-element-populated\">\n\t\t\t\t\t\t<div class=\"elementor-element elementor-element-04c41ec elementor-widget elementor-widget-heading\" data-id=\"04c41ec\" data-element_type=\"widget\" data-e-type=\"widget\" data-widget_type=\"heading.default\">\n\t\t\t\t<div class=\"elementor-widget-container\">\n\t\t\t\t\t<h2 class=\"elementor-heading-title elementor-size-default\">HELAL Sertifikas\u0131<\/h2>\t\t\t\t<\/div>\n\t\t\t\t<\/div>\n\t\t\t\t<div class=\"elementor-element elementor-element-454b29e elementor-widget elementor-widget-text-editor\" data-id=\"454b29e\" data-element_type=\"widget\" data-e-type=\"widget\" data-widget_type=\"text-editor.default\">\n\t\t\t\t<div class=\"elementor-widget-container\">\n\t\t\t\t\t\t\t\t\t<p>Helal sertifikas\u0131, M\u00fcsl\u00fcmanlar\u0131n ya\u015fam al\u0131\u015fkanl\u0131klar\u0131n\u0131 ve ihtiya\u00e7lar\u0131n\u0131 kar\u015f\u0131layan g\u0131da, ila\u00e7, kozmetik ve g\u0131da katk\u0131 maddelerini ifade etmektedir. G\u0131daya uygun aktif karbon \u00fcr\u00fcnlerimiz, yemeklik ya\u011flar\u0131n renk gideriminin yan\u0131 s\u0131ra \u015fekerin renk giderimi i\u00e7in de uygundur.<\/p>\t\t\t\t\t\t\t\t<\/div>\n\t\t\t\t<\/div>\n\t\t\t\t<div class=\"elementor-element elementor-element-67a2bc4 elementor-widget elementor-widget-button\" data-id=\"67a2bc4\" data-element_type=\"widget\" data-e-type=\"widget\" data-widget_type=\"button.default\">\n\t\t\t\t<div class=\"elementor-widget-container\">\n\t\t\t\t\t\t\t\t\t<div class=\"elementor-button-wrapper\">\n\t\t\t\t\t<a class=\"elementor-button elementor-button-link elementor-size-sm\" href=\"#elementor-action%3Aaction%3Dlightbox%26settings%3DeyJ1cmwiOiJodHRwOlwvXC9hY3RpdmF0ZWRjYXJib24ubmV0XC93cC1jb250ZW50XC91cGxvYWRzXC8yMDIyXC8wOVwvSEFsQWwuanBnIiwidHlwZSI6ImltYWdlIiwidGl0bGUiOiJIQWxBbCJ9\">\n\t\t\t\t\t\t<span class=\"elementor-button-content-wrapper\">\n\t\t\t\t\t\t\t\t\t<span class=\"elementor-button-text\">buraya t\u0131klay\u0131n<\/span>\n\t\t\t\t\t<\/span>\n\t\t\t\t\t<\/a>\n\t\t\t\t<\/div>\n\t\t\t\t\t\t\t\t<\/div>\n\t\t\t\t<\/div>\n\t\t\t\t\t<\/div>\n\t\t<\/div>\n\t\t\t\t\t<\/div>\n\t\t<\/section>\n\t\t\t\t<section class=\"elementor-section elementor-inner-section elementor-element elementor-element-a240d15 elementor-section-boxed elementor-section-height-default elementor-section-height-default\" data-id=\"a240d15\" data-element_type=\"section\" data-e-type=\"section\">\n\t\t\t\t\t\t<div class=\"elementor-container elementor-column-gap-default\">\n\t\t\t\t\t<div class=\"elementor-column elementor-col-50 elementor-inner-column elementor-element elementor-element-171d29b\" data-id=\"171d29b\" data-element_type=\"column\" data-e-type=\"column\">\n\t\t\t<div class=\"elementor-widget-wrap elementor-element-populated\">\n\t\t\t\t\t\t<div class=\"elementor-element elementor-element-dbeea2d elementor-widget elementor-widget-image\" data-id=\"dbeea2d\" data-element_type=\"widget\" data-e-type=\"widget\" data-widget_type=\"image.default\">\n\t\t\t\t<div class=\"elementor-widget-container\">\n\t\t\t\t\t\t\t\t\t\t\t\t\t\t\t<img loading=\"lazy\" decoding=\"async\" width=\"295\" height=\"289\" src=\"https:\/\/activatedcarbon.net\/wp-content\/uploads\/2022\/09\/KOSHER.png\" class=\"attachment-large size-large wp-image-2018\" alt=\"\" title=\"\">\t\t\t\t\t\t\t\t\t\t\t\t\t\t\t<\/div>\n\t\t\t\t<\/div>\n\t\t\t\t\t<\/div>\n\t\t<\/div>\n\t\t\t\t<div class=\"elementor-column elementor-col-50 elementor-inner-column elementor-element elementor-element-9af902a\" data-id=\"9af902a\" data-element_type=\"column\" data-e-type=\"column\">\n\t\t\t<div class=\"elementor-widget-wrap elementor-element-populated\">\n\t\t\t\t\t\t<div class=\"elementor-element elementor-element-0a2cb89 elementor-widget elementor-widget-heading\" data-id=\"0a2cb89\" data-element_type=\"widget\" data-e-type=\"widget\" data-widget_type=\"heading.default\">\n\t\t\t\t<div class=\"elementor-widget-container\">\n\t\t\t\t\t<h2 class=\"elementor-heading-title elementor-size-default\">KO\u015eER Sertifikas\u0131<\/h2>\t\t\t\t<\/div>\n\t\t\t\t<\/div>\n\t\t\t\t<div class=\"elementor-element elementor-element-9277e60 elementor-widget elementor-widget-text-editor\" data-id=\"9277e60\" data-element_type=\"widget\" data-e-type=\"widget\" data-widget_type=\"text-editor.default\">\n\t\t\t\t<div class=\"elementor-widget-container\">\n\t\t\t\t\t\t\t\t\t<p>Kosher sertifikas\u0131, g\u0131da \u00fcr\u00fcn\u00fcn\u00fcn ka\u015fer s\u00fcperviz\u00f6r\u00fc g\u00f6zetiminde \u00fcretildi\u011fini garanti eden bir sertifikad\u0131r. Zhulin aktif karbon, ko\u015fer beslenme yasalar\u0131na g\u00f6re ko\u015fer sertifikas\u0131na sahiptir.<\/p>\t\t\t\t\t\t\t\t<\/div>\n\t\t\t\t<\/div>\n\t\t\t\t<div class=\"elementor-element elementor-element-ff56a4c elementor-widget elementor-widget-button\" data-id=\"ff56a4c\" data-element_type=\"widget\" data-e-type=\"widget\" data-widget_type=\"button.default\">\n\t\t\t\t<div class=\"elementor-widget-container\">\n\t\t\t\t\t\t\t\t\t<div class=\"elementor-button-wrapper\">\n\t\t\t\t\t<a class=\"elementor-button elementor-button-link elementor-size-sm\" href=\"#elementor-action%3Aaction%3Dlightbox%26settings%3DeyJ1cmwiOiJodHRwOlwvXC9hY3RpdmF0ZWRjYXJib24ubmV0XC93cC1jb250ZW50XC91cGxvYWRzXC8yMDIyXC8wOVwva29zaGVyLWNlcnRpZmljYXRlLmpwZyIsInR5cGUiOiJpbWFnZSIsInRpdGxlIjoia29zaGVyLWNlcnRpZmljYXRlIn0%3D\">\n\t\t\t\t\t\t<span class=\"elementor-button-content-wrapper\">\n\t\t\t\t\t\t\t\t\t<span class=\"elementor-button-text\">buraya t\u0131klay\u0131n<\/span>\n\t\t\t\t\t<\/span>\n\t\t\t\t\t<\/a>\n\t\t\t\t<\/div>\n\t\t\t\t\t\t\t\t<\/div>\n\t\t\t\t<\/div>\n\t\t\t\t\t<\/div>\n\t\t<\/div>\n\t\t\t\t\t<\/div>\n\t\t<\/section>\n\t\t\t\t<section class=\"elementor-section elementor-inner-section elementor-element elementor-element-677f542 elementor-section-boxed elementor-section-height-default elementor-section-height-default\" data-id=\"677f542\" data-element_type=\"section\" data-e-type=\"section\">\n\t\t\t\t\t\t<div class=\"elementor-container elementor-column-gap-default\">\n\t\t\t\t\t<div class=\"elementor-column elementor-col-50 elementor-inner-column elementor-element elementor-element-c1e8b6a\" data-id=\"c1e8b6a\" data-element_type=\"column\" data-e-type=\"column\">\n\t\t\t<div class=\"elementor-widget-wrap elementor-element-populated\">\n\t\t\t\t\t\t<div class=\"elementor-element elementor-element-4b716dd elementor-widget elementor-widget-image\" data-id=\"4b716dd\" data-element_type=\"widget\" data-e-type=\"widget\" data-widget_type=\"image.default\">\n\t\t\t\t<div class=\"elementor-widget-container\">\n\t\t\t\t\t\t\t\t\t\t\t\t\t\t\t<img loading=\"lazy\" decoding=\"async\" width=\"295\" height=\"289\" src=\"https:\/\/activatedcarbon.net\/wp-content\/uploads\/2022\/09\/Malaysia-HALAL.jpg\" class=\"attachment-large size-large wp-image-2054\" alt=\"\" title=\"\">\t\t\t\t\t\t\t\t\t\t\t\t\t\t\t<\/div>\n\t\t\t\t<\/div>\n\t\t\t\t\t<\/div>\n\t\t<\/div>\n\t\t\t\t<div class=\"elementor-column elementor-col-50 elementor-inner-column elementor-element elementor-element-0928b70\" data-id=\"0928b70\" data-element_type=\"column\" data-e-type=\"column\">\n\t\t\t<div class=\"elementor-widget-wrap elementor-element-populated\">\n\t\t\t\t\t\t<div class=\"elementor-element elementor-element-0cabe49 elementor-widget elementor-widget-heading\" data-id=\"0cabe49\" data-element_type=\"widget\" data-e-type=\"widget\" data-widget_type=\"heading.default\">\n\t\t\t\t<div class=\"elementor-widget-container\">\n\t\t\t\t\t<h2 class=\"elementor-heading-title elementor-size-default\">Malezya HELAL<\/h2>\t\t\t\t<\/div>\n\t\t\t\t<\/div>\n\t\t\t\t<div class=\"elementor-element elementor-element-c3ef4d8 elementor-widget elementor-widget-text-editor\" data-id=\"c3ef4d8\" data-element_type=\"widget\" data-e-type=\"widget\" data-widget_type=\"text-editor.default\">\n\t\t\t\t<div class=\"elementor-widget-container\">\n\t\t\t\t\t\t\t\t\t<p>Malezya, t\u00fcm g\u0131da \u00fcr\u00fcnleri, g\u0131da katk\u0131 maddeleri ve t\u0131bbi i\u00e7erikler i\u00e7in en \u00f6nemli HELAL standard\u0131n\u0131n uyguland\u0131\u011f\u0131 bir eyalettir.<\/p>\t\t\t\t\t\t\t\t<\/div>\n\t\t\t\t<\/div>\n\t\t\t\t<div class=\"elementor-element elementor-element-ffdb846 elementor-widget elementor-widget-button\" data-id=\"ffdb846\" data-element_type=\"widget\" data-e-type=\"widget\" data-widget_type=\"button.default\">\n\t\t\t\t<div class=\"elementor-widget-container\">\n\t\t\t\t\t\t\t\t\t<div class=\"elementor-button-wrapper\">\n\t\t\t\t\t<a class=\"elementor-button elementor-button-link elementor-size-sm\" href=\"#elementor-action%3Aaction%3Dlightbox%26settings%3DeyJ1cmwiOiJodHRwOlwvXC9hY3RpdmF0ZWRjYXJib24ubmV0XC93cC1jb250ZW50XC91cGxvYWRzXC8yMDIyXC8wOVwvTWFsYXlzaWEtSEFMQUwtY2VydGlmaWNhdGUuanBnIiwidHlwZSI6ImltYWdlIiwidGl0bGUiOiJNYWxheXNpYSBIQUxBTCBjZXJ0aWZpY2F0ZSJ9\">\n\t\t\t\t\t\t<span class=\"elementor-button-content-wrapper\">\n\t\t\t\t\t\t\t\t\t<span class=\"elementor-button-text\">buraya t\u0131klay\u0131n<\/span>\n\t\t\t\t\t<\/span>\n\t\t\t\t\t<\/a>\n\t\t\t\t<\/div>\n\t\t\t\t\t\t\t\t<\/div>\n\t\t\t\t<\/div>\n\t\t\t\t\t<\/div>\n\t\t<\/div>\n\t\t\t\t\t<\/div>\n\t\t<\/section>\n\t\t\t\t\t<\/div>\n\t\t<\/div>\n\t\t\t\t\t<\/div>\n\t\t<\/section>\n\t\t\t\t<\/div>","protected":false},"excerpt":{"rendered":"<p>Certificates NSF International Compliance We provide NSF approved products. This includes compliance with NSF\/ANSI 61, this type of activated carbon is suitable for drinking water applications in many cases. https:\/\/info.nsf.org\/Certified\/Pws&#8230;. Click here HALAL Certificate Halal certification refers to food, medicine, cosmetics and food additives that meet the living habits and needs of Muslims. Our food-grade [&hellip;]<\/p>\n","protected":false},"author":1,"featured_media":0,"parent":0,"menu_order":0,"comment_status":"closed","ping_status":"closed","template":"","meta":{"_uag_custom_page_level_css":"","footnotes":""},"class_list":["post-516","page","type-page","status-publish","hentry"],"uagb_featured_image_src":{"full":false,"thumbnail":false,"medium":false,"medium_large":false,"large":false,"1536x1536":false,"2048x2048":false,"trp-custom-language-flag":false},"uagb_author_info":{"display_name":"zhulincarbon","author_link":"https:\/\/activatedcarbon.net\/tr\/author\/zhulincarbon\/"},"uagb_comment_info":0,"uagb_excerpt":"Certificates NSF International Compliance We provide NSF approved products. This includes compliance with NSF\/ANSI 61, this type of activated carbon is suitable for drinking water applications in many cases. https:\/\/info.nsf.org\/Certified\/Pws&#8230;. Click here HALAL Certificate Halal certification refers to food, medicine, cosmetics and food additives that meet the living habits and needs of Muslims. Our food-grade&hellip;","_links":{"self":[{"href":"https:\/\/activatedcarbon.net\/tr\/wp-json\/wp\/v2\/pages\/516","targetHints":{"allow":["GET"]}}],"collection":[{"href":"https:\/\/activatedcarbon.net\/tr\/wp-json\/wp\/v2\/pages"}],"about":[{"href":"https:\/\/activatedcarbon.net\/tr\/wp-json\/wp\/v2\/types\/page"}],"author":[{"embeddable":true,"href":"https:\/\/activatedcarbon.net\/tr\/wp-json\/wp\/v2\/users\/1"}],"replies":[{"embeddable":true,"href":"https:\/\/activatedcarbon.net\/tr\/wp-json\/wp\/v2\/comments?post=516"}],"version-history":[{"count":1,"href":"https:\/\/activatedcarbon.net\/tr\/wp-json\/wp\/v2\/pages\/516\/revisions"}],"predecessor-version":[{"id":10693,"href":"https:\/\/activatedcarbon.net\/tr\/wp-json\/wp\/v2\/pages\/516\/revisions\/10693"}],"wp:attachment":[{"href":"https:\/\/activatedcarbon.net\/tr\/wp-json\/wp\/v2\/media?parent=516"}],"curies":[{"name":"wp","href":"https:\/\/api.w.org\/{rel}","templated":true}]}}