{"id":2170,"date":"2022-09-18T13:02:43","date_gmt":"2022-09-18T13:02:43","guid":{"rendered":"http:\/\/activatedcarbon.net\/?page_id=2170"},"modified":"2025-11-06T16:15:26","modified_gmt":"2025-11-06T08:15:26","slug":"blogs","status":"publish","type":"page","link":"https:\/\/activatedcarbon.net\/tr\/blogs\/","title":{"rendered":"Blog"},"content":{"rendered":"<div data-elementor-type=\"wp-page\" data-elementor-id=\"2170\" class=\"elementor elementor-2170\" data-elementor-post-type=\"page\">\n\t\t\t\t\t\t<section class=\"elementor-section elementor-top-section elementor-element elementor-element-6e0b54c8 elementor-section-boxed elementor-section-height-default elementor-section-height-default\" data-id=\"6e0b54c8\" data-element_type=\"section\" data-e-type=\"section\" data-settings=\"{&quot;background_background&quot;:&quot;classic&quot;}\">\n\t\t\t\t\t\t\t<div class=\"elementor-background-overlay\"><\/div>\n\t\t\t\t\t\t\t<div class=\"elementor-container elementor-column-gap-default\">\n\t\t\t\t\t<div class=\"elementor-column elementor-col-100 elementor-top-column elementor-element elementor-element-6389d3b9\" data-id=\"6389d3b9\" data-element_type=\"column\" data-e-type=\"column\">\n\t\t\t<div class=\"elementor-widget-wrap elementor-element-populated\">\n\t\t\t\t\t\t<div class=\"elementor-element elementor-element-3eafb6b2 elementor-widget elementor-widget-heading\" data-id=\"3eafb6b2\" data-element_type=\"widget\" data-e-type=\"widget\" data-widget_type=\"heading.default\">\n\t\t\t\t<div class=\"elementor-widget-container\">\n\t\t\t\t\t<h1 class=\"elementor-heading-title elementor-size-default\">Blogumuz<\/h1>\t\t\t\t<\/div>\n\t\t\t\t<\/div>\n\t\t\t\t\t<\/div>\n\t\t<\/div>\n\t\t\t\t\t<\/div>\n\t\t<\/section>\n\t\t\t\t<section class=\"elementor-section elementor-top-section elementor-element elementor-element-2d564660 elementor-section-boxed elementor-section-height-default elementor-section-height-default\" data-id=\"2d564660\" data-element_type=\"section\" data-e-type=\"section\" data-settings=\"{&quot;background_background&quot;:&quot;classic&quot;}\">\n\t\t\t\t\t\t<div class=\"elementor-container elementor-column-gap-default\">\n\t\t\t\t\t<div class=\"elementor-column elementor-col-100 elementor-top-column elementor-element elementor-element-20db0434\" data-id=\"20db0434\" data-element_type=\"column\" data-e-type=\"column\">\n\t\t\t<div class=\"elementor-widget-wrap elementor-element-populated\">\n\t\t\t\t\t\t<div class=\"elementor-element elementor-element-0bcd5d2 elementor-grid-3 elementor-grid-tablet-2 elementor-grid-mobile-1 elementor-posts--thumbnail-top elementor-posts--show-avatar elementor-card-shadow-yes elementor-posts__hover-gradient elementor-widget elementor-widget-posts\" data-id=\"0bcd5d2\" data-element_type=\"widget\" data-e-type=\"widget\" data-settings=\"{&quot;pagination_type&quot;:&quot;numbers&quot;,&quot;cards_columns&quot;:&quot;3&quot;,&quot;cards_columns_tablet&quot;:&quot;2&quot;,&quot;cards_columns_mobile&quot;:&quot;1&quot;,&quot;cards_row_gap&quot;:{&quot;unit&quot;:&quot;px&quot;,&quot;size&quot;:35,&quot;sizes&quot;:[]},&quot;cards_row_gap_tablet&quot;:{&quot;unit&quot;:&quot;px&quot;,&quot;size&quot;:&quot;&quot;,&quot;sizes&quot;:[]},&quot;cards_row_gap_mobile&quot;:{&quot;unit&quot;:&quot;px&quot;,&quot;size&quot;:&quot;&quot;,&quot;sizes&quot;:[]}}\" data-widget_type=\"posts.cards\">\n\t\t\t\t<div class=\"elementor-widget-container\">\n\t\t\t\t\t\t\t<div class=\"elementor-posts-container elementor-posts elementor-posts--skin-cards elementor-grid\" role=\"list\">\n\t\t\t\t<article class=\"elementor-post elementor-grid-item post-11023 post type-post status-publish format-standard has-post-thumbnail hentry category-application\" role=\"listitem\">\n\t\t\t<div class=\"elementor-post__card\">\n\t\t\t\t<a class=\"elementor-post__thumbnail__link\" href=\"https:\/\/activatedcarbon.net\/tr\/activated-carbon-for-polyethyleneimine-pei-removal\/\" tabindex=\"-1\" ><div class=\"elementor-post__thumbnail\"><img loading=\"lazy\" decoding=\"async\" width=\"768\" height=\"411\" src=\"https:\/\/activatedcarbon.net\/wp-content\/uploads\/2026\/04\/Activated-Carbon-for-PEI-Removal-768x411.png\" class=\"attachment-medium_large size-medium_large wp-image-11042\" alt=\"\" srcset=\"https:\/\/activatedcarbon.net\/wp-content\/uploads\/2026\/04\/Activated-Carbon-for-PEI-Removal-768x411.png 768w, https:\/\/activatedcarbon.net\/wp-content\/uploads\/2026\/04\/Activated-Carbon-for-PEI-Removal-300x161.png 300w, https:\/\/activatedcarbon.net\/wp-content\/uploads\/2026\/04\/Activated-Carbon-for-PEI-Removal-18x10.png 18w, https:\/\/activatedcarbon.net\/wp-content\/uploads\/2026\/04\/Activated-Carbon-for-PEI-Removal.png 840w\" sizes=\"auto, (max-width: 768px) 100vw, 768px\" title=\"\"><\/div><\/a>\n\t\t\t\t<div class=\"elementor-post__badge\">Ba\u015fvuru<\/div>\n\t\t\t\t<div class=\"elementor-post__avatar\">\n\t\t\t\t\t<\/div>\n\t\t\t\t<div class=\"elementor-post__text\">\n\t\t\t\t<h3 class=\"elementor-post__title\">\n\t\t\t<a href=\"https:\/\/activatedcarbon.net\/tr\/activated-carbon-for-polyethyleneimine-pei-removal\/\" >\n\t\t\t\tActivated Carbon for Polyethyleneimine (PEI) Removal\t\t\t<\/a>\n\t\t<\/h3>\n\t\t\t\t<\/div>\n\t\t\t\t<div class=\"elementor-post__meta-data\">\n\t\t\t\t\t<span class=\"elementor-post-date\">\n\t\t\tNisan 7, 2026\t\t<\/span>\n\t\t\t\t<\/div>\n\t\t\t\t\t<\/div>\n\t\t<\/article>\n\t\t\t\t<article class=\"elementor-post elementor-grid-item post-10944 post type-post status-publish format-standard has-post-thumbnail hentry category-application\" role=\"listitem\">\n\t\t\t<div class=\"elementor-post__card\">\n\t\t\t\t<a class=\"elementor-post__thumbnail__link\" href=\"https:\/\/activatedcarbon.net\/tr\/activated-carbon-for-laundry-used-solvent-recovery\/\" tabindex=\"-1\" ><div class=\"elementor-post__thumbnail\"><img loading=\"lazy\" decoding=\"async\" width=\"768\" height=\"411\" src=\"https:\/\/activatedcarbon.net\/wp-content\/uploads\/2026\/03\/Activated-Carbon-For-Laundry-Used-Solvent-Recovery-768x411.jpg\" class=\"attachment-medium_large size-medium_large wp-image-10953\" alt=\"\" srcset=\"https:\/\/activatedcarbon.net\/wp-content\/uploads\/2026\/03\/Activated-Carbon-For-Laundry-Used-Solvent-Recovery-768x411.jpg 768w, https:\/\/activatedcarbon.net\/wp-content\/uploads\/2026\/03\/Activated-Carbon-For-Laundry-Used-Solvent-Recovery-300x161.jpg 300w, https:\/\/activatedcarbon.net\/wp-content\/uploads\/2026\/03\/Activated-Carbon-For-Laundry-Used-Solvent-Recovery-18x10.jpg 18w, https:\/\/activatedcarbon.net\/wp-content\/uploads\/2026\/03\/Activated-Carbon-For-Laundry-Used-Solvent-Recovery.jpg 840w\" sizes=\"auto, (max-width: 768px) 100vw, 768px\" title=\"\"><\/div><\/a>\n\t\t\t\t<div class=\"elementor-post__badge\">Ba\u015fvuru<\/div>\n\t\t\t\t<div class=\"elementor-post__avatar\">\n\t\t\t\t\t<\/div>\n\t\t\t\t<div class=\"elementor-post__text\">\n\t\t\t\t<h3 class=\"elementor-post__title\">\n\t\t\t<a href=\"https:\/\/activatedcarbon.net\/tr\/activated-carbon-for-laundry-used-solvent-recovery\/\" >\n\t\t\t\tActivated Carbon For Laundry Used Solvent Recovery\t\t\t<\/a>\n\t\t<\/h3>\n\t\t\t\t<\/div>\n\t\t\t\t<div class=\"elementor-post__meta-data\">\n\t\t\t\t\t<span class=\"elementor-post-date\">\n\t\t\tMart 17, 2026\t\t<\/span>\n\t\t\t\t<\/div>\n\t\t\t\t\t<\/div>\n\t\t<\/article>\n\t\t\t\t<article class=\"elementor-post elementor-grid-item post-10928 post type-post status-publish format-standard has-post-thumbnail hentry category-application\" role=\"listitem\">\n\t\t\t<div class=\"elementor-post__card\">\n\t\t\t\t<a class=\"elementor-post__thumbnail__link\" href=\"https:\/\/activatedcarbon.net\/tr\/activated-carbon-for-removing-hydrocarbons-from-natural-gas\/\" tabindex=\"-1\" ><div class=\"elementor-post__thumbnail\"><img loading=\"lazy\" decoding=\"async\" width=\"768\" height=\"411\" src=\"https:\/\/activatedcarbon.net\/wp-content\/uploads\/2026\/03\/Activated-Carbon-for-Removing-Hydrocarbons-from-Natural-Gas-768x411.png\" class=\"attachment-medium_large size-medium_large wp-image-10960\" alt=\"\" srcset=\"https:\/\/activatedcarbon.net\/wp-content\/uploads\/2026\/03\/Activated-Carbon-for-Removing-Hydrocarbons-from-Natural-Gas-768x411.png 768w, https:\/\/activatedcarbon.net\/wp-content\/uploads\/2026\/03\/Activated-Carbon-for-Removing-Hydrocarbons-from-Natural-Gas-300x161.png 300w, https:\/\/activatedcarbon.net\/wp-content\/uploads\/2026\/03\/Activated-Carbon-for-Removing-Hydrocarbons-from-Natural-Gas-18x10.png 18w, https:\/\/activatedcarbon.net\/wp-content\/uploads\/2026\/03\/Activated-Carbon-for-Removing-Hydrocarbons-from-Natural-Gas.png 840w\" sizes=\"auto, (max-width: 768px) 100vw, 768px\" title=\"\"><\/div><\/a>\n\t\t\t\t<div class=\"elementor-post__badge\">Ba\u015fvuru<\/div>\n\t\t\t\t<div class=\"elementor-post__avatar\">\n\t\t\t\t\t<\/div>\n\t\t\t\t<div class=\"elementor-post__text\">\n\t\t\t\t<h3 class=\"elementor-post__title\">\n\t\t\t<a href=\"https:\/\/activatedcarbon.net\/tr\/activated-carbon-for-removing-hydrocarbons-from-natural-gas\/\" >\n\t\t\t\tDo\u011fal Gazdan Hidrokarbonlar\u0131n Giderilmesi i\u00e7in Aktif Karbon\t\t\t<\/a>\n\t\t<\/h3>\n\t\t\t\t<\/div>\n\t\t\t\t<div class=\"elementor-post__meta-data\">\n\t\t\t\t\t<span class=\"elementor-post-date\">\n\t\t\t13 Mart 2026\t\t<\/span>\n\t\t\t\t<\/div>\n\t\t\t\t\t<\/div>\n\t\t<\/article>\n\t\t\t\t<article class=\"elementor-post elementor-grid-item post-10899 post type-post status-publish format-standard has-post-thumbnail hentry category-application\" role=\"listitem\">\n\t\t\t<div class=\"elementor-post__card\">\n\t\t\t\t<a class=\"elementor-post__thumbnail__link\" href=\"https:\/\/activatedcarbon.net\/tr\/activated-carbon-for-heavy-metals-removal\/\" tabindex=\"-1\" ><div class=\"elementor-post__thumbnail\"><img loading=\"lazy\" decoding=\"async\" width=\"768\" height=\"411\" src=\"https:\/\/activatedcarbon.net\/wp-content\/uploads\/2026\/03\/Activated-Carbon-for-Heavy-Metals-Removal-768x411.jpg\" class=\"attachment-medium_large size-medium_large wp-image-10923\" alt=\"\" srcset=\"https:\/\/activatedcarbon.net\/wp-content\/uploads\/2026\/03\/Activated-Carbon-for-Heavy-Metals-Removal-768x411.jpg 768w, https:\/\/activatedcarbon.net\/wp-content\/uploads\/2026\/03\/Activated-Carbon-for-Heavy-Metals-Removal-300x161.jpg 300w, https:\/\/activatedcarbon.net\/wp-content\/uploads\/2026\/03\/Activated-Carbon-for-Heavy-Metals-Removal-18x10.jpg 18w, https:\/\/activatedcarbon.net\/wp-content\/uploads\/2026\/03\/Activated-Carbon-for-Heavy-Metals-Removal.jpg 840w\" sizes=\"auto, (max-width: 768px) 100vw, 768px\" title=\"\"><\/div><\/a>\n\t\t\t\t<div class=\"elementor-post__badge\">Ba\u015fvuru<\/div>\n\t\t\t\t<div class=\"elementor-post__avatar\">\n\t\t\t\t\t<\/div>\n\t\t\t\t<div class=\"elementor-post__text\">\n\t\t\t\t<h3 class=\"elementor-post__title\">\n\t\t\t<a href=\"https:\/\/activatedcarbon.net\/tr\/activated-carbon-for-heavy-metals-removal\/\" >\n\t\t\t\tA\u011f\u0131r Metallerin Giderimi i\u00e7in Aktif Karbon\t\t\t<\/a>\n\t\t<\/h3>\n\t\t\t\t<\/div>\n\t\t\t\t<div class=\"elementor-post__meta-data\">\n\t\t\t\t\t<span class=\"elementor-post-date\">\n\t\t\t2 Mart 2026\t\t<\/span>\n\t\t\t\t<\/div>\n\t\t\t\t\t<\/div>\n\t\t<\/article>\n\t\t\t\t<article class=\"elementor-post elementor-grid-item post-10902 post type-post status-publish format-standard has-post-thumbnail hentry category-application\" role=\"listitem\">\n\t\t\t<div class=\"elementor-post__card\">\n\t\t\t\t<a class=\"elementor-post__thumbnail__link\" href=\"https:\/\/activatedcarbon.net\/tr\/activated-carbon-for-vegetable-oil-purification\/\" tabindex=\"-1\" ><div class=\"elementor-post__thumbnail\"><img loading=\"lazy\" decoding=\"async\" width=\"768\" height=\"411\" src=\"https:\/\/activatedcarbon.net\/wp-content\/uploads\/2026\/03\/Activated-Carbon-for-Vegetable-Oil-Purification-768x411.png\" class=\"attachment-medium_large size-medium_large wp-image-10913\" alt=\"\" srcset=\"https:\/\/activatedcarbon.net\/wp-content\/uploads\/2026\/03\/Activated-Carbon-for-Vegetable-Oil-Purification-768x411.png 768w, https:\/\/activatedcarbon.net\/wp-content\/uploads\/2026\/03\/Activated-Carbon-for-Vegetable-Oil-Purification-300x161.png 300w, https:\/\/activatedcarbon.net\/wp-content\/uploads\/2026\/03\/Activated-Carbon-for-Vegetable-Oil-Purification-18x10.png 18w, https:\/\/activatedcarbon.net\/wp-content\/uploads\/2026\/03\/Activated-Carbon-for-Vegetable-Oil-Purification.png 840w\" sizes=\"auto, (max-width: 768px) 100vw, 768px\" title=\"\"><\/div><\/a>\n\t\t\t\t<div class=\"elementor-post__badge\">Ba\u015fvuru<\/div>\n\t\t\t\t<div class=\"elementor-post__avatar\">\n\t\t\t\t\t<\/div>\n\t\t\t\t<div class=\"elementor-post__text\">\n\t\t\t\t<h3 class=\"elementor-post__title\">\n\t\t\t<a href=\"https:\/\/activatedcarbon.net\/tr\/activated-carbon-for-vegetable-oil-purification\/\" >\n\t\t\t\tBitkisel Ya\u011f Safla\u015ft\u0131rma i\u00e7in Aktif Karbon\t\t\t<\/a>\n\t\t<\/h3>\n\t\t\t\t<\/div>\n\t\t\t\t<div class=\"elementor-post__meta-data\">\n\t\t\t\t\t<span class=\"elementor-post-date\">\n\t\t\t2 Mart 2026\t\t<\/span>\n\t\t\t\t<\/div>\n\t\t\t\t\t<\/div>\n\t\t<\/article>\n\t\t\t\t<article class=\"elementor-post elementor-grid-item post-10894 post type-post status-publish format-standard has-post-thumbnail hentry category-application\" role=\"listitem\">\n\t\t\t<div class=\"elementor-post__card\">\n\t\t\t\t<a class=\"elementor-post__thumbnail__link\" href=\"https:\/\/activatedcarbon.net\/tr\/nut-shell-activated-carbon-for-water-treatment\/\" tabindex=\"-1\" ><div class=\"elementor-post__thumbnail\"><img loading=\"lazy\" decoding=\"async\" width=\"768\" height=\"411\" src=\"https:\/\/activatedcarbon.net\/wp-content\/uploads\/2026\/03\/Nut-Shell-Activated-Carbon-for-Water-Treatment-768x411.png\" class=\"attachment-medium_large size-medium_large wp-image-10909\" alt=\"\" srcset=\"https:\/\/activatedcarbon.net\/wp-content\/uploads\/2026\/03\/Nut-Shell-Activated-Carbon-for-Water-Treatment-768x411.png 768w, https:\/\/activatedcarbon.net\/wp-content\/uploads\/2026\/03\/Nut-Shell-Activated-Carbon-for-Water-Treatment-300x161.png 300w, https:\/\/activatedcarbon.net\/wp-content\/uploads\/2026\/03\/Nut-Shell-Activated-Carbon-for-Water-Treatment-18x10.png 18w, https:\/\/activatedcarbon.net\/wp-content\/uploads\/2026\/03\/Nut-Shell-Activated-Carbon-for-Water-Treatment.png 840w\" sizes=\"auto, (max-width: 768px) 100vw, 768px\" title=\"\"><\/div><\/a>\n\t\t\t\t<div class=\"elementor-post__badge\">Ba\u015fvuru<\/div>\n\t\t\t\t<div class=\"elementor-post__avatar\">\n\t\t\t\t\t<\/div>\n\t\t\t\t<div class=\"elementor-post__text\">\n\t\t\t\t<h3 class=\"elementor-post__title\">\n\t\t\t<a href=\"https:\/\/activatedcarbon.net\/tr\/nut-shell-activated-carbon-for-water-treatment\/\" >\n\t\t\t\tSu Ar\u0131t\u0131m\u0131 i\u00e7in F\u0131nd\u0131k Kabu\u011fu Aktif Karbon\t\t\t<\/a>\n\t\t<\/h3>\n\t\t\t\t<\/div>\n\t\t\t\t<div class=\"elementor-post__meta-data\">\n\t\t\t\t\t<span class=\"elementor-post-date\">\n\t\t\t2 Mart 2026\t\t<\/span>\n\t\t\t\t<\/div>\n\t\t\t\t\t<\/div>\n\t\t<\/article>\n\t\t\t\t<article class=\"elementor-post elementor-grid-item post-10874 post type-post status-publish format-standard has-post-thumbnail hentry category-application\" role=\"listitem\">\n\t\t\t<div class=\"elementor-post__card\">\n\t\t\t\t<a class=\"elementor-post__thumbnail__link\" href=\"https:\/\/activatedcarbon.net\/tr\/activated-carbon-for-iodine-removal-in-nuclear-power-plants\/\" tabindex=\"-1\" ><div class=\"elementor-post__thumbnail\"><img loading=\"lazy\" decoding=\"async\" width=\"768\" height=\"411\" src=\"https:\/\/activatedcarbon.net\/wp-content\/uploads\/2026\/02\/Activated-Carbon-for-Iodine-Removal-in-Nuclear-Power-Plants-768x411.png\" class=\"attachment-medium_large size-medium_large wp-image-10886\" alt=\"\" srcset=\"https:\/\/activatedcarbon.net\/wp-content\/uploads\/2026\/02\/Activated-Carbon-for-Iodine-Removal-in-Nuclear-Power-Plants-768x411.png 768w, https:\/\/activatedcarbon.net\/wp-content\/uploads\/2026\/02\/Activated-Carbon-for-Iodine-Removal-in-Nuclear-Power-Plants-300x161.png 300w, https:\/\/activatedcarbon.net\/wp-content\/uploads\/2026\/02\/Activated-Carbon-for-Iodine-Removal-in-Nuclear-Power-Plants-18x10.png 18w, https:\/\/activatedcarbon.net\/wp-content\/uploads\/2026\/02\/Activated-Carbon-for-Iodine-Removal-in-Nuclear-Power-Plants.png 840w\" sizes=\"auto, (max-width: 768px) 100vw, 768px\" title=\"\"><\/div><\/a>\n\t\t\t\t<div class=\"elementor-post__badge\">Ba\u015fvuru<\/div>\n\t\t\t\t<div class=\"elementor-post__avatar\">\n\t\t\t\t\t<\/div>\n\t\t\t\t<div class=\"elementor-post__text\">\n\t\t\t\t<h3 class=\"elementor-post__title\">\n\t\t\t<a href=\"https:\/\/activatedcarbon.net\/tr\/activated-carbon-for-iodine-removal-in-nuclear-power-plants\/\" >\n\t\t\t\tN\u00fckleer Enerji Santrallerinde \u0130yot Giderimi i\u00e7in Aktif Karbon\t\t\t<\/a>\n\t\t<\/h3>\n\t\t\t\t<\/div>\n\t\t\t\t<div class=\"elementor-post__meta-data\">\n\t\t\t\t\t<span class=\"elementor-post-date\">\n\t\t\t3 \u015eubat 2026\t\t<\/span>\n\t\t\t\t<\/div>\n\t\t\t\t\t<\/div>\n\t\t<\/article>\n\t\t\t\t<article class=\"elementor-post elementor-grid-item post-10854 post type-post status-publish format-standard has-post-thumbnail hentry category-application\" role=\"listitem\">\n\t\t\t<div class=\"elementor-post__card\">\n\t\t\t\t<a class=\"elementor-post__thumbnail__link\" href=\"https:\/\/activatedcarbon.net\/tr\/activated-carbon-for-rubber-factory\/\" tabindex=\"-1\" ><div class=\"elementor-post__thumbnail\"><img loading=\"lazy\" decoding=\"async\" width=\"768\" height=\"411\" src=\"https:\/\/activatedcarbon.net\/wp-content\/uploads\/2026\/01\/Activated-Carbon-for-Rubber-Factory-768x411.jpg\" class=\"attachment-medium_large size-medium_large wp-image-10862\" alt=\"\" srcset=\"https:\/\/activatedcarbon.net\/wp-content\/uploads\/2026\/01\/Activated-Carbon-for-Rubber-Factory-768x411.jpg 768w, https:\/\/activatedcarbon.net\/wp-content\/uploads\/2026\/01\/Activated-Carbon-for-Rubber-Factory-300x161.jpg 300w, https:\/\/activatedcarbon.net\/wp-content\/uploads\/2026\/01\/Activated-Carbon-for-Rubber-Factory-18x10.jpg 18w, https:\/\/activatedcarbon.net\/wp-content\/uploads\/2026\/01\/Activated-Carbon-for-Rubber-Factory.jpg 840w\" sizes=\"auto, (max-width: 768px) 100vw, 768px\" title=\"\"><\/div><\/a>\n\t\t\t\t<div class=\"elementor-post__badge\">Ba\u015fvuru<\/div>\n\t\t\t\t<div class=\"elementor-post__avatar\">\n\t\t\t\t\t<\/div>\n\t\t\t\t<div class=\"elementor-post__text\">\n\t\t\t\t<h3 class=\"elementor-post__title\">\n\t\t\t<a href=\"https:\/\/activatedcarbon.net\/tr\/activated-carbon-for-rubber-factory\/\" >\n\t\t\t\tKau\u00e7uk Fabrikas\u0131 i\u00e7in Aktif Karbon\t\t\t<\/a>\n\t\t<\/h3>\n\t\t\t\t<\/div>\n\t\t\t\t<div class=\"elementor-post__meta-data\">\n\t\t\t\t\t<span class=\"elementor-post-date\">\n\t\t\tOcak 12, 2026\t\t<\/span>\n\t\t\t\t<\/div>\n\t\t\t\t\t<\/div>\n\t\t<\/article>\n\t\t\t\t<article class=\"elementor-post elementor-grid-item post-10843 post type-post status-publish format-standard has-post-thumbnail hentry category-application\" role=\"listitem\">\n\t\t\t<div class=\"elementor-post__card\">\n\t\t\t\t<a class=\"elementor-post__thumbnail__link\" href=\"https:\/\/activatedcarbon.net\/tr\/activated-carbon-for-ink-anti%e2%80%91sublimation\/\" tabindex=\"-1\" ><div class=\"elementor-post__thumbnail\"><img loading=\"lazy\" decoding=\"async\" width=\"768\" height=\"411\" src=\"https:\/\/activatedcarbon.net\/wp-content\/uploads\/2026\/01\/Activated-Carbon-for-Ink-Anti\u2011Sublimation-768x411.png\" class=\"attachment-medium_large size-medium_large wp-image-10849\" alt=\"\" srcset=\"https:\/\/activatedcarbon.net\/wp-content\/uploads\/2026\/01\/Activated-Carbon-for-Ink-Anti\u2011Sublimation-768x411.png 768w, https:\/\/activatedcarbon.net\/wp-content\/uploads\/2026\/01\/Activated-Carbon-for-Ink-Anti\u2011Sublimation-300x161.png 300w, https:\/\/activatedcarbon.net\/wp-content\/uploads\/2026\/01\/Activated-Carbon-for-Ink-Anti\u2011Sublimation-18x10.png 18w, https:\/\/activatedcarbon.net\/wp-content\/uploads\/2026\/01\/Activated-Carbon-for-Ink-Anti\u2011Sublimation.png 840w\" sizes=\"auto, (max-width: 768px) 100vw, 768px\" title=\"\"><\/div><\/a>\n\t\t\t\t<div class=\"elementor-post__badge\">Ba\u015fvuru<\/div>\n\t\t\t\t<div class=\"elementor-post__avatar\">\n\t\t\t\t\t<\/div>\n\t\t\t\t<div class=\"elementor-post__text\">\n\t\t\t\t<h3 class=\"elementor-post__title\">\n\t\t\t<a href=\"https:\/\/activatedcarbon.net\/tr\/activated-carbon-for-ink-anti%e2%80%91sublimation\/\" >\n\t\t\t\tM\u00fcrekkep Anti-S\u00fcblimasyonu i\u00e7in Aktif Karbon\t\t\t<\/a>\n\t\t<\/h3>\n\t\t\t\t<\/div>\n\t\t\t\t<div class=\"elementor-post__meta-data\">\n\t\t\t\t\t<span class=\"elementor-post-date\">\n\t\t\tOcak 6, 2026\t\t<\/span>\n\t\t\t\t<\/div>\n\t\t\t\t\t<\/div>\n\t\t<\/article>\n\t\t\t\t<\/div>\n\t\t\n\t\t\t\t<div class=\"e-load-more-anchor\" data-page=\"1\" data-max-page=\"19\" data-next-page=\"https:\/\/activatedcarbon.net\/tr\/wp-json\/wp\/v2\/pages\/2170\/page\/2\/\"><\/div>\n\t\t\t\t<nav class=\"elementor-pagination\" aria-label=\"Sayfaland\u0131rma\">\n\t\t\t<span aria-current=\"page\" class=\"page-numbers current\"><span class=\"elementor-screen-only\">Sayfa<\/span>1<\/span>\n<a class=\"page-numbers\" href=\"https:\/\/activatedcarbon.net\/tr\/wp-json\/wp\/v2\/pages\/2170\/page\/2\/\"><span class=\"elementor-screen-only\">Sayfa<\/span>2<\/a>\n<a class=\"page-numbers\" href=\"https:\/\/activatedcarbon.net\/tr\/wp-json\/wp\/v2\/pages\/2170\/page\/3\/\"><span class=\"elementor-screen-only\">Sayfa<\/span>3<\/a>\n<a class=\"page-numbers\" href=\"https:\/\/activatedcarbon.net\/tr\/wp-json\/wp\/v2\/pages\/2170\/page\/4\/\"><span class=\"elementor-screen-only\">Sayfa<\/span>4<\/a>\n<a class=\"page-numbers\" href=\"https:\/\/activatedcarbon.net\/tr\/wp-json\/wp\/v2\/pages\/2170\/page\/5\/\"><span class=\"elementor-screen-only\">Sayfa<\/span>5<\/a>\t\t<\/nav>\n\t\t\t\t\t\t<\/div>\n\t\t\t\t<\/div>\n\t\t\t\t\t<\/div>\n\t\t<\/div>\n\t\t\t\t\t<\/div>\n\t\t<\/section>\n\t\t\t\t<\/div>","protected":false},"excerpt":{"rendered":"<p>Blogumuz<\/p>","protected":false},"author":1,"featured_media":0,"parent":0,"menu_order":0,"comment_status":"closed","ping_status":"closed","template":"","meta":{"_uag_custom_page_level_css":"","footnotes":""},"class_list":["post-2170","page","type-page","status-publish","hentry"],"uagb_featured_image_src":{"full":false,"thumbnail":false,"medium":false,"medium_large":false,"large":false,"1536x1536":false,"2048x2048":false,"trp-custom-language-flag":false},"uagb_author_info":{"display_name":"zhulincarbon","author_link":"https:\/\/activatedcarbon.net\/tr\/author\/zhulincarbon\/"},"uagb_comment_info":0,"uagb_excerpt":"Our Blog","_links":{"self":[{"href":"https:\/\/activatedcarbon.net\/tr\/wp-json\/wp\/v2\/pages\/2170","targetHints":{"allow":["GET"]}}],"collection":[{"href":"https:\/\/activatedcarbon.net\/tr\/wp-json\/wp\/v2\/pages"}],"about":[{"href":"https:\/\/activatedcarbon.net\/tr\/wp-json\/wp\/v2\/types\/page"}],"author":[{"embeddable":true,"href":"https:\/\/activatedcarbon.net\/tr\/wp-json\/wp\/v2\/users\/1"}],"replies":[{"embeddable":true,"href":"https:\/\/activatedcarbon.net\/tr\/wp-json\/wp\/v2\/comments?post=2170"}],"version-history":[{"count":1,"href":"https:\/\/activatedcarbon.net\/tr\/wp-json\/wp\/v2\/pages\/2170\/revisions"}],"predecessor-version":[{"id":10692,"href":"https:\/\/activatedcarbon.net\/tr\/wp-json\/wp\/v2\/pages\/2170\/revisions\/10692"}],"wp:attachment":[{"href":"https:\/\/activatedcarbon.net\/tr\/wp-json\/wp\/v2\/media?parent=2170"}],"curies":[{"name":"wp","href":"https:\/\/api.w.org\/{rel}","templated":true}]}}