{"id":1355,"date":"2022-09-12T15:36:24","date_gmt":"2022-09-12T15:36:24","guid":{"rendered":"http:\/\/activatedcarbon.net\/?page_id=1355"},"modified":"2022-11-04T08:42:57","modified_gmt":"2022-11-04T00:42:57","slug":"thank","status":"publish","type":"page","link":"https:\/\/activatedcarbon.net\/tr\/thank\/","title":{"rendered":"Te\u015fekk\u00fcr etmek"},"content":{"rendered":"<div data-elementor-type=\"wp-page\" data-elementor-id=\"1355\" class=\"elementor elementor-1355\" data-elementor-post-type=\"page\">\n\t\t\t\t\t\t<section class=\"elementor-section elementor-top-section elementor-element elementor-element-2e1eed57 elementor-section-height-full elementor-section-boxed elementor-section-height-default elementor-section-items-middle\" data-id=\"2e1eed57\" data-element_type=\"section\" data-e-type=\"section\" data-settings=\"{&quot;background_background&quot;:&quot;classic&quot;}\">\n\t\t\t\t\t\t\t<div class=\"elementor-background-overlay\"><\/div>\n\t\t\t\t\t\t\t<div class=\"elementor-container elementor-column-gap-default\">\n\t\t\t\t\t<div class=\"elementor-column elementor-col-100 elementor-top-column elementor-element elementor-element-5778d715\" data-id=\"5778d715\" data-element_type=\"column\" data-e-type=\"column\">\n\t\t\t<div class=\"elementor-widget-wrap elementor-element-populated\">\n\t\t\t\t\t\t<div class=\"elementor-element elementor-element-47d750c9 elementor-widget elementor-widget-heading\" data-id=\"47d750c9\" data-element_type=\"widget\" data-e-type=\"widget\" data-widget_type=\"heading.default\">\n\t\t\t\t<div class=\"elementor-widget-container\">\n\t\t\t\t\t<h1 class=\"elementor-heading-title elementor-size-default\">Te\u015fekk\u00fcr ederim<\/h1>\t\t\t\t<\/div>\n\t\t\t\t<\/div>\n\t\t\t\t<div class=\"elementor-element elementor-element-32a7b6a4 elementor-widget elementor-widget-text-editor\" data-id=\"32a7b6a4\" data-element_type=\"widget\" data-e-type=\"widget\" data-widget_type=\"text-editor.default\">\n\t\t\t\t<div class=\"elementor-widget-container\">\n\t\t\t\t\t\t\t\t\t<p>Mesaj\u0131n\u0131z ba\u015far\u0131yla g\u00f6nderildi, ekibimiz en k\u0131sa s\u00fcrede size geri d\u00f6n\u00fc\u015f yapacakt\u0131r. Ekibimize WhatsApp \u00fczerinden de h\u0131zl\u0131 bir \u015fekilde ula\u015fabilirsiniz.<\/p>\t\t\t\t\t\t\t\t<\/div>\n\t\t\t\t<\/div>\n\t\t\t\t\t<\/div>\n\t\t<\/div>\n\t\t\t\t\t<\/div>\n\t\t<\/section>\n\t\t\t\t<\/div>","protected":false},"excerpt":{"rendered":"<p>Te\u015fekk\u00fcr ederiz Mesaj\u0131n\u0131z ba\u015far\u0131yla g\u00f6nderildi. Ekibimiz en k\u0131sa s\u00fcrede size geri d\u00f6n\u00fc\u015f yapacakt\u0131r. Ekibimize WhatsApp \u00fczerinden de h\u0131zl\u0131 bir \u015fekilde ula\u015fabilirsiniz. WhatsappAna Sayfaya Geri D\u00f6n<\/p>","protected":false},"author":1,"featured_media":0,"parent":0,"menu_order":0,"comment_status":"closed","ping_status":"closed","template":"elementor_canvas","meta":{"_uag_custom_page_level_css":"","footnotes":""},"class_list":["post-1355","page","type-page","status-publish","hentry"],"uagb_featured_image_src":{"full":false,"thumbnail":false,"medium":false,"medium_large":false,"large":false,"1536x1536":false,"2048x2048":false,"trp-custom-language-flag":false},"uagb_author_info":{"display_name":"zhulincarbon","author_link":"https:\/\/activatedcarbon.net\/tr\/author\/zhulincarbon\/"},"uagb_comment_info":0,"uagb_excerpt":"Thank you Your message has been successfully sent and our team will get back to you as soon as possible. You can also reach our team quickly via WhatsApp. WhatsappBack to Home","_links":{"self":[{"href":"https:\/\/activatedcarbon.net\/tr\/wp-json\/wp\/v2\/pages\/1355","targetHints":{"allow":["GET"]}}],"collection":[{"href":"https:\/\/activatedcarbon.net\/tr\/wp-json\/wp\/v2\/pages"}],"about":[{"href":"https:\/\/activatedcarbon.net\/tr\/wp-json\/wp\/v2\/types\/page"}],"author":[{"embeddable":true,"href":"https:\/\/activatedcarbon.net\/tr\/wp-json\/wp\/v2\/users\/1"}],"replies":[{"embeddable":true,"href":"https:\/\/activatedcarbon.net\/tr\/wp-json\/wp\/v2\/comments?post=1355"}],"version-history":[{"count":0,"href":"https:\/\/activatedcarbon.net\/tr\/wp-json\/wp\/v2\/pages\/1355\/revisions"}],"wp:attachment":[{"href":"https:\/\/activatedcarbon.net\/tr\/wp-json\/wp\/v2\/media?parent=1355"}],"curies":[{"name":"wp","href":"https:\/\/api.w.org\/{rel}","templated":true}]}}