{"id":5468,"date":"2022-12-24T09:17:28","date_gmt":"2022-12-24T01:17:28","guid":{"rendered":"https:\/\/www.activatedcarbon.net\/?page_id=5468"},"modified":"2025-11-06T16:17:55","modified_gmt":"2025-11-06T08:17:55","slug":"coconut-activated-carbon-for-gold-mining","status":"publish","type":"page","link":"https:\/\/activatedcarbon.net\/fr\/coconut-activated-carbon-for-gold-mining\/","title":{"rendered":"Charbon actif en coque de noix de coco pour l'extraction de l'or"},"content":{"rendered":"<div data-elementor-type=\"wp-page\" data-elementor-id=\"5468\" class=\"elementor elementor-5468\" data-elementor-post-type=\"page\">\n\t\t\t\t\t\t<section class=\"elementor-section elementor-top-section elementor-element elementor-element-557db6ba elementor-reverse-mobile elementor-section-content-bottom elementor-section-boxed elementor-section-height-default elementor-section-height-default\" data-id=\"557db6ba\" data-element_type=\"section\" data-e-type=\"section\" data-settings=\"{&quot;background_background&quot;:&quot;classic&quot;}\">\n\t\t\t\t\t\t\t<div class=\"elementor-background-overlay\"><\/div>\n\t\t\t\t\t\t\t<div class=\"elementor-container elementor-column-gap-default\">\n\t\t\t\t\t<div class=\"elementor-column elementor-col-50 elementor-top-column elementor-element elementor-element-3de1969a\" data-id=\"3de1969a\" data-element_type=\"column\" data-e-type=\"column\">\n\t\t\t<div class=\"elementor-widget-wrap elementor-element-populated\">\n\t\t\t\t\t\t<div class=\"elementor-element elementor-element-73a11c31 elementor-widget elementor-widget-elementskit-heading\" data-id=\"73a11c31\" data-element_type=\"widget\" data-e-type=\"widget\" data-widget_type=\"elementskit-heading.default\">\n\t\t\t\t<div class=\"elementor-widget-container\">\n\t\t\t\t\t<div class=\"ekit-wid-con\" ><div class=\"ekit-heading elementskit-section-title-wraper text_left   ekit_heading_tablet-   ekit_heading_mobile-\"><h1 class=\"ekit-heading--title elementskit-section-title\">Charbon actif en coque de noix de coco pour l'extraction de l'or<\/h1><h3 class=\"ekit-heading--subtitle elementskit-section-subtitle\">\n\t\t\t\t\t\tLe charbon actif en grains, fabriqu\u00e9 \u00e0 partir de coquilles de noix de coco, pr\u00e9sente une excellente r\u00e9sistance \u00e0 l'usure, un taux d'absorption de l'or et une protection de l'environnement. Utilis\u00e9 pour la r\u00e9cup\u00e9ration de l'or dans les mines d'or.\n\t\t\t\t\t<\/h3>\t\t\t\t<div class='ekit-heading__description'>\n\t\t\t\t\t<li>6*12mesh, 8*16mesh \/ CTC55-60 \/ Indice d'iode : 1050-1200<\/li>\n<li>Sp\u00e9cifications d'emballage : 25kg\/sac<\/li>\n\t\t\t\t<\/div>\n\t\t\t<\/div><\/div>\t\t\t\t<\/div>\n\t\t\t\t<\/div>\n\t\t\t\t<div class=\"elementor-element elementor-element-457d49e2 elementor-widget-elementskit-dual-button-mobile-center call-to-dual-btn elementor-widget elementor-widget-elementskit-dual-button\" data-id=\"457d49e2\" data-element_type=\"widget\" data-e-type=\"widget\" data-widget_type=\"elementskit-dual-button.default\">\n\t\t\t\t<div class=\"elementor-widget-container\">\n\t\t\t\t\t<div class=\"ekit-wid-con\" >\n                <div class=\"ekit-element-align-wrapper\">\n                    <div class=\"ekit_double_button\">                <a class=\"ekit-double-btn ekit-double-btn-one\" href=\"#elementor-action%3Aaction%3Dpopup%3Aopen%26settings%3DeyJpZCI6IjEzNDQiLCJ0b2dnbGUiOmZhbHNlfQ%3D%3D\">\n                    Obtenez un devis maintenant                <\/a>\n            \n            <a class=\"ekit-double-btn ekit-double-btn-two\" href=\"mailto:info@activatedcarbon.net\">\n                    <i aria-hidden=\"true\" class=\"icon icon-email1\"><\/i>info@activatedcarbon.net                <\/a>\n                  <\/div>\n                <\/div>\n            <\/div>\t\t\t\t<\/div>\n\t\t\t\t<\/div>\n\t\t\t\t\t<\/div>\n\t\t<\/div>\n\t\t\t\t<div class=\"elementor-column elementor-col-50 elementor-top-column elementor-element elementor-element-38c0f7cc\" data-id=\"38c0f7cc\" data-element_type=\"column\" data-e-type=\"column\">\n\t\t\t<div class=\"elementor-widget-wrap elementor-element-populated\">\n\t\t\t\t\t\t<div class=\"elementor-element elementor-element-ff666f4 elementor-widget elementor-widget-image\" data-id=\"ff666f4\" data-element_type=\"widget\" data-e-type=\"widget\" data-widget_type=\"image.default\">\n\t\t\t\t<div class=\"elementor-widget-container\">\n\t\t\t\t\t\t\t\t\t\t\t\t\t\t\t<img loading=\"lazy\" decoding=\"async\" width=\"706\" height=\"706\" src=\"https:\/\/activatedcarbon.net\/wp-content\/uploads\/2022\/12\/Coconut-shell-activated-carbon-for-gold-mining.jpg\" class=\"attachment-large size-large wp-image-5480\" alt=\"\" srcset=\"https:\/\/activatedcarbon.net\/wp-content\/uploads\/2022\/12\/Coconut-shell-activated-carbon-for-gold-mining.jpg 706w, https:\/\/activatedcarbon.net\/wp-content\/uploads\/2022\/12\/Coconut-shell-activated-carbon-for-gold-mining-300x300.jpg 300w, https:\/\/activatedcarbon.net\/wp-content\/uploads\/2022\/12\/Coconut-shell-activated-carbon-for-gold-mining-150x150.jpg 150w, https:\/\/activatedcarbon.net\/wp-content\/uploads\/2022\/12\/Coconut-shell-activated-carbon-for-gold-mining-12x12.jpg 12w\" sizes=\"auto, (max-width: 706px) 100vw, 706px\" title=\"\">\t\t\t\t\t\t\t\t\t\t\t\t\t\t\t<\/div>\n\t\t\t\t<\/div>\n\t\t\t\t\t<\/div>\n\t\t<\/div>\n\t\t\t\t\t<\/div>\n\t\t<\/section>\n\t\t\t\t<section class=\"elementor-section elementor-top-section elementor-element elementor-element-aee7307 elementor-section-boxed elementor-section-height-default elementor-section-height-default\" data-id=\"aee7307\" data-element_type=\"section\" data-e-type=\"section\">\n\t\t\t\t\t\t<div class=\"elementor-container elementor-column-gap-default\">\n\t\t\t\t\t<div class=\"elementor-column elementor-col-100 elementor-top-column elementor-element elementor-element-ffc7f4d\" data-id=\"ffc7f4d\" data-element_type=\"column\" data-e-type=\"column\">\n\t\t\t<div class=\"elementor-widget-wrap elementor-element-populated\">\n\t\t\t\t\t\t<div class=\"elementor-element elementor-element-b1cf84a elementor-widget elementor-widget-elementskit-tab\" data-id=\"b1cf84a\" data-element_type=\"widget\" data-e-type=\"widget\" data-widget_type=\"elementskit-tab.default\">\n\t\t\t\t<div class=\"elementor-widget-container\">\n\t\t\t\t\t<div class=\"ekit-wid-con\" >        <div class=\"elementkit-tab-wraper   elementskit-fitcontent-tab\">\n            <ul class=\"nav nav-tabs elementkit-tab-nav\">\n                                    <li class=\"elementkit-nav-item elementor-repeater-item-69d61c7\">\n                        <a class=\"elementkit-nav-link  active left-pos\" id=\"content-69d61c769de3a37d77f1-tab\" data-ekit-handler-id=\"description\" data-ekit-toggle=\"tab\" data-target=\"#content-69d61c769de3a37d77f1\" data-ekit-toggle-trigger=\"click\" aria-describedby=\"content-69d61c769de3a37d77f1\" href=\"#content-69d61c769de3a37d77f1\">\n                                                        <div class=\"ekit-tab-title-group\">\n                                                                <span class=\"elementskit-tab-title\">Description<\/span>\n                            <\/div>\n                        <\/a>\n                    <\/li>\n                                <\/ul>\n\n\t\t\t<div class=\"tab-content elementkit-tab-content\">\n\t\t\t\t\t\t\t\t\t<div class=\"tab-pane elementkit-tab-pane elementor-repeater-item-69d61c7  active show\" id=\"content-69d61c769de3a37d77f1\" role=\"tabpanel\" aria-labelledby=\"content-69d61c769de3a37d77f1-tab\">\n\t\t\t\t\t\t<div class=\"animated fadeIn\">\n\t\t\t\t\t\t\t\n\t\t<div class=\"widgetarea_warper widgetarea_warper_editable\" data-elementskit-widgetarea-key=\"b1cf84a\"  data-elementskit-widgetarea-index=\"69d61c7\">\n\t\t\t\n\t\t\t\n\t\t\t\t\t\t\t\t<div class=\"ekit-widget-area-container\">\n\t\t\t\t\t\t\t<div data-elementor-type=\"wp-post\" data-elementor-id=\"5340\" class=\"elementor elementor-5340\" data-elementor-post-type=\"elementskit_content\">\n\t\t\t\t\t\t<section class=\"elementor-section elementor-top-section elementor-element elementor-element-ade8faa elementor-section-boxed elementor-section-height-default elementor-section-height-default\" data-id=\"ade8faa\" data-element_type=\"section\" data-e-type=\"section\">\n\t\t\t\t\t\t<div class=\"elementor-container elementor-column-gap-default\">\n\t\t\t\t\t<div class=\"elementor-column elementor-col-100 elementor-top-column elementor-element elementor-element-4ff6e4f\" data-id=\"4ff6e4f\" data-element_type=\"column\" data-e-type=\"column\">\n\t\t\t<div class=\"elementor-widget-wrap elementor-element-populated\">\n\t\t\t\t\t\t<section class=\"elementor-section elementor-inner-section elementor-element elementor-element-3fa4dda elementor-section-boxed elementor-section-height-default elementor-section-height-default\" data-id=\"3fa4dda\" data-element_type=\"section\" data-e-type=\"section\">\n\t\t\t\t\t\t<div class=\"elementor-container elementor-column-gap-default\">\n\t\t\t\t\t<div class=\"elementor-column elementor-col-50 elementor-inner-column elementor-element elementor-element-4da1556\" data-id=\"4da1556\" data-element_type=\"column\" data-e-type=\"column\">\n\t\t\t<div class=\"elementor-widget-wrap elementor-element-populated\">\n\t\t\t\t\t\t<div class=\"elementor-element elementor-element-eca2469 elementor-widget elementor-widget-text-editor\" data-id=\"eca2469\" data-element_type=\"widget\" data-e-type=\"widget\" data-widget_type=\"text-editor.default\">\n\t\t\t\t<div class=\"elementor-widget-container\">\n\t\t\t\t\t\t\t\t\t<p>Notre soci\u00e9t\u00e9 fournit principalement des produits de charbon actif en granul\u00e9s de la s\u00e9rie ZLEAC-D, caract\u00e9ris\u00e9s par un indice d'iode \u00e9lev\u00e9, une faible teneur en cendres, un CTC \u00e9lev\u00e9, etc.<\/p><p>Ils sont produits par activation \u00e0 la vapeur \u00e0 haute temp\u00e9rature et impr\u00e9gnation chimique. Ce type de carbone est un produit valid\u00e9 qui convient \u00e0 diverses applications telles que le contr\u00f4le des odeurs, l'adsorption des gaz industriels, le soutien des catalyseurs et le traitement de l'air.<\/p><p><strong>Emballage :<\/strong> Sac en polypropyl\u00e8ne (25kg\/sac). Inspection du produit en usine, ou inspection de la qualit\u00e9 par une tierce partie (SGS).<\/p>\t\t\t\t\t\t\t\t<\/div>\n\t\t\t\t<\/div>\n\t\t\t\t<div class=\"elementor-element elementor-element-aabae18 elementor-widget elementor-widget-heading\" data-id=\"aabae18\" data-element_type=\"widget\" data-e-type=\"widget\" data-widget_type=\"heading.default\">\n\t\t\t\t<div class=\"elementor-widget-container\">\n\t\t\t\t\t<h3 class=\"elementor-heading-title elementor-size-default\">Caract\u00e9ristiques du produit<\/h3>\t\t\t\t<\/div>\n\t\t\t\t<\/div>\n\t\t\t\t<div class=\"elementor-element elementor-element-67ed1dc elementor-widget elementor-widget-text-editor\" data-id=\"67ed1dc\" data-element_type=\"widget\" data-e-type=\"widget\" data-widget_type=\"text-editor.default\">\n\t\t\t\t<div class=\"elementor-widget-container\">\n\t\t\t\t\t\t\t\t\t<ul><li>L'utilisation d'un granul\u00e9 \u00e0 base de charbon garantit un produit de haute densit\u00e9 avec de bonnes propri\u00e9t\u00e9s m\u00e9caniques,<\/li><li>Excellente r\u00e9sistance \u00e0 l'usure, r\u00e9duisant la perte de carbone ;<\/li><li>Le charbon actif en s\u00e9rie ZLEAC-D est le plus rentable pour les applications d'\u00e9limination des gaz acides.<\/li><\/ul>\t\t\t\t\t\t\t\t<\/div>\n\t\t\t\t<\/div>\n\t\t\t\t<div class=\"elementor-element elementor-element-52e2ad5 elementor-widget elementor-widget-heading\" data-id=\"52e2ad5\" data-element_type=\"widget\" data-e-type=\"widget\" data-widget_type=\"heading.default\">\n\t\t\t\t<div class=\"elementor-widget-container\">\n\t\t\t\t\t<h3 class=\"elementor-heading-title elementor-size-default\">Applications du charbon actif CTC70<\/h3>\t\t\t\t<\/div>\n\t\t\t\t<\/div>\n\t\t\t\t<div class=\"elementor-element elementor-element-6edacea elementor-widget elementor-widget-text-editor\" data-id=\"6edacea\" data-element_type=\"widget\" data-e-type=\"widget\" data-widget_type=\"text-editor.default\">\n\t\t\t\t<div class=\"elementor-widget-container\">\n\t\t\t\t\t\t\t\t\t<ul><li>\u00c9limination des impuret\u00e9s des gaz industriels ou du biogaz.<\/li><li>Adsorption des compos\u00e9s organiques volatils (COV) et d'autres polluants atmosph\u00e9riques nocifs dans les processus industriels.<\/li><li>Contr\u00f4le des gaz COV.<\/li><li>Soutien au catalyseur.<\/li><li>Traitement de l'air int\u00e9rieur.<\/li><\/ul>\t\t\t\t\t\t\t\t<\/div>\n\t\t\t\t<\/div>\n\t\t\t\t<div class=\"elementor-element elementor-element-1e0fea7 elementor-widget elementor-widget-heading\" data-id=\"1e0fea7\" data-element_type=\"widget\" data-e-type=\"widget\" data-widget_type=\"heading.default\">\n\t\t\t\t<div class=\"elementor-widget-container\">\n\t\t\t\t\t<h3 class=\"elementor-heading-title elementor-size-default\">Sp\u00e9cifications<\/h3>\t\t\t\t<\/div>\n\t\t\t\t<\/div>\n\t\t\t\t<div class=\"elementor-element elementor-element-eafe8a7 elementor-icon-list--layout-traditional elementor-list-item-link-full_width elementor-widget elementor-widget-icon-list\" data-id=\"eafe8a7\" data-element_type=\"widget\" data-e-type=\"widget\" data-widget_type=\"icon-list.default\">\n\t\t\t\t<div class=\"elementor-widget-container\">\n\t\t\t\t\t\t\t<ul class=\"elementor-icon-list-items\">\n\t\t\t\t\t\t\t<li class=\"elementor-icon-list-item\">\n\t\t\t\t\t\t\t\t\t\t<span class=\"elementor-icon-list-text\"><b>Apparence : <\/b>noir, granul\u00e9<\/span>\n\t\t\t\t\t\t\t\t\t<\/li>\n\t\t\t\t\t\t\t\t<li class=\"elementor-icon-list-item\">\n\t\t\t\t\t\t\t\t\t\t<span class=\"elementor-icon-list-text\"><b>Taille des particules :<\/b> 0,9 mm, 1,5 mm, 2 mm, 4 mm, 5 mm, 8 mm<\/span>\n\t\t\t\t\t\t\t\t\t<\/li>\n\t\t\t\t\t\t\t\t<li class=\"elementor-icon-list-item\">\n\t\t\t\t\t\t\t\t\t\t<span class=\"elementor-icon-list-text\"><b>CTC : <\/b>70%(min)<\/span>\n\t\t\t\t\t\t\t\t\t<\/li>\n\t\t\t\t\t\t\t\t<li class=\"elementor-icon-list-item\">\n\t\t\t\t\t\t\t\t\t\t<span class=\"elementor-icon-list-text\"><b>Teneur en eau : <\/b>3%(max)<\/span>\n\t\t\t\t\t\t\t\t\t<\/li>\n\t\t\t\t\t\t\t\t<li class=\"elementor-icon-list-item\">\n\t\t\t\t\t\t\t\t\t\t<span class=\"elementor-icon-list-text\"><b>Duret\u00e9 :<\/b> 95%(min)<\/span>\n\t\t\t\t\t\t\t\t\t<\/li>\n\t\t\t\t\t\t\t\t<li class=\"elementor-icon-list-item\">\n\t\t\t\t\t\t\t\t\t\t<span class=\"elementor-icon-list-text\"><b>Densit\u00e9 apparente : <\/b>550g\/L(max)<\/span>\n\t\t\t\t\t\t\t\t\t<\/li>\n\t\t\t\t\t\t<\/ul>\n\t\t\t\t\t\t<\/div>\n\t\t\t\t<\/div>\n\t\t\t\t\t<\/div>\n\t\t<\/div>\n\t\t\t\t<div class=\"elementor-column elementor-col-50 elementor-inner-column elementor-element elementor-element-4765ca8\" data-id=\"4765ca8\" data-element_type=\"column\" data-e-type=\"column\">\n\t\t\t<div class=\"elementor-widget-wrap elementor-element-populated\">\n\t\t\t\t\t\t<div class=\"elementor-element elementor-element-21cb52d elementor-widget elementor-widget-image\" data-id=\"21cb52d\" data-element_type=\"widget\" data-e-type=\"widget\" data-widget_type=\"image.default\">\n\t\t\t\t<div class=\"elementor-widget-container\">\n\t\t\t\t\t\t\t\t\t\t\t\t\t\t\t<img loading=\"lazy\" decoding=\"async\" width=\"600\" height=\"426\" src=\"https:\/\/activatedcarbon.net\/wp-content\/uploads\/2022\/11\/coconut-shell-activated-carbon-25-kg.jpg\" class=\"attachment-large size-large wp-image-4841\" alt=\"charbon actif en coque de noix de coco 25 kg\" srcset=\"https:\/\/activatedcarbon.net\/wp-content\/uploads\/2022\/11\/coconut-shell-activated-carbon-25-kg.jpg 600w, https:\/\/activatedcarbon.net\/wp-content\/uploads\/2022\/11\/coconut-shell-activated-carbon-25-kg-300x213.jpg 300w, https:\/\/activatedcarbon.net\/wp-content\/uploads\/2022\/11\/coconut-shell-activated-carbon-25-kg-18x12.jpg 18w\" sizes=\"auto, (max-width: 600px) 100vw, 600px\" title=\"\">\t\t\t\t\t\t\t\t\t\t\t\t\t\t\t<\/div>\n\t\t\t\t<\/div>\n\t\t\t\t\t<\/div>\n\t\t<\/div>\n\t\t\t\t\t<\/div>\n\t\t<\/section>\n\t\t\t\t\t<\/div>\n\t\t<\/div>\n\t\t\t\t\t<\/div>\n\t\t<\/section>\n\t\t\t\t<\/div>\n\t\t\t\t\t\t\t<\/div>\n\t\t\t\t\t\t<\/div>\n\t\t\t\t\t\t\t\t<\/div>\n\t\t\t\t\t<\/div>\n\t\t\t\t\t\t\t<\/div>\n        <\/div>\n    <\/div>\t\t\t\t<\/div>\n\t\t\t\t<\/div>\n\t\t\t\t<section class=\"elementor-section elementor-inner-section elementor-element elementor-element-28e6079 elementor-section-boxed elementor-section-height-default elementor-section-height-default\" data-id=\"28e6079\" data-element_type=\"section\" data-e-type=\"section\">\n\t\t\t\t\t\t<div class=\"elementor-container elementor-column-gap-default\">\n\t\t\t\t\t<div class=\"elementor-column elementor-col-50 elementor-inner-column elementor-element elementor-element-a89ef64\" data-id=\"a89ef64\" data-element_type=\"column\" data-e-type=\"column\">\n\t\t\t<div class=\"elementor-widget-wrap elementor-element-populated\">\n\t\t\t\t\t\t<div class=\"elementor-element elementor-element-288c429 elementor-widget elementor-widget-elementskit-heading\" data-id=\"288c429\" data-element_type=\"widget\" data-e-type=\"widget\" data-widget_type=\"elementskit-heading.default\">\n\t\t\t\t<div class=\"elementor-widget-container\">\n\t\t\t\t\t<div class=\"ekit-wid-con\" ><div class=\"ekit-heading elementskit-section-title-wraper text_left   ekit_heading_tablet-   ekit_heading_mobile-\"><h3 class=\"ekit-heading--title elementskit-section-title\">Zhulin Global Industry Division R\u00e9cup\u00e9ration de l'or<\/h3>\t\t\t\t<div class='ekit-heading__description'>\n\t\t\t\t\t<p>Bas\u00e9 en Chine, notre segment Global Industrial se consacre \u00e0 la fourniture de produits et de services aux clients de l'industrie mini\u00e8re aurif\u00e8re. En tant que fournisseur de charbon actif depuis plus de 20 ans, nous avons acquis une expertise sp\u00e9cifique \u00e0 l'industrie et aux applications et l'avons appliqu\u00e9e \u00e0 nos produits et solutions. Notre charbon sp\u00e9cial or ZLGOLD est largement utilis\u00e9 dans plus de 20 pays en Afrique, en Am\u00e9rique du Sud et en Asie.<\/p>\n\t\t\t\t<\/div>\n\t\t\t<\/div><\/div>\t\t\t\t<\/div>\n\t\t\t\t<\/div>\n\t\t\t\t\t<\/div>\n\t\t<\/div>\n\t\t\t\t<div class=\"elementor-column elementor-col-50 elementor-inner-column elementor-element elementor-element-e852461\" data-id=\"e852461\" data-element_type=\"column\" data-e-type=\"column\">\n\t\t\t<div class=\"elementor-widget-wrap elementor-element-populated\">\n\t\t\t\t\t\t<div class=\"elementor-element elementor-element-e055d4b elementor-widget elementor-widget-elementskit-heading\" data-id=\"e055d4b\" data-element_type=\"widget\" data-e-type=\"widget\" data-widget_type=\"elementskit-heading.default\">\n\t\t\t\t<div class=\"elementor-widget-container\">\n\t\t\t\t\t<div class=\"ekit-wid-con\" ><div class=\"ekit-heading elementskit-section-title-wraper text_left   ekit_heading_tablet-   ekit_heading_mobile-\"><p class=\"ekit-heading--title elementskit-section-title\">Zhulin Carbon<\/p><p class=\"ekit-heading--subtitle elementskit-section-subtitle\">\n\t\t\t\t\t\tFabricant \/ Fournisseur mondial\n\t\t\t\t\t<\/p><\/div><\/div>\t\t\t\t<\/div>\n\t\t\t\t<\/div>\n\t\t\t\t<div class=\"elementor-element elementor-element-50ebebc elementor-icon-list--layout-traditional elementor-list-item-link-full_width elementor-widget elementor-widget-icon-list\" data-id=\"50ebebc\" data-element_type=\"widget\" data-e-type=\"widget\" data-widget_type=\"icon-list.default\">\n\t\t\t\t<div class=\"elementor-widget-container\">\n\t\t\t\t\t\t\t<ul class=\"elementor-icon-list-items\">\n\t\t\t\t\t\t\t<li class=\"elementor-icon-list-item\">\n\t\t\t\t\t\t\t\t\t\t\t<a href=\"mailto:info@activatedcarbon.net\">\n\n\t\t\t\t\t\t\t\t\t\t\t\t<span class=\"elementor-icon-list-icon\">\n\t\t\t\t\t\t\t<i aria-hidden=\"true\" class=\"icon icon-envelope3\"><\/i>\t\t\t\t\t\t<\/span>\n\t\t\t\t\t\t\t\t\t\t<span class=\"elementor-icon-list-text\">info@activatedcarbon.net<\/span>\n\t\t\t\t\t\t\t\t\t\t\t<\/a>\n\t\t\t\t\t\t\t\t\t<\/li>\n\t\t\t\t\t\t<\/ul>\n\t\t\t\t\t\t<\/div>\n\t\t\t\t<\/div>\n\t\t\t\t\t<\/div>\n\t\t<\/div>\n\t\t\t\t\t<\/div>\n\t\t<\/section>\n\t\t\t\t\t<\/div>\n\t\t<\/div>\n\t\t\t\t\t<\/div>\n\t\t<\/section>\n\t\t\t\t<section class=\"elementor-section elementor-top-section elementor-element elementor-element-7dff7733 elementor-section-boxed elementor-section-height-default elementor-section-height-default\" data-id=\"7dff7733\" data-element_type=\"section\" data-e-type=\"section\">\n\t\t\t\t\t\t<div class=\"elementor-container elementor-column-gap-default\">\n\t\t\t\t\t<div class=\"elementor-column elementor-col-100 elementor-top-column elementor-element elementor-element-2e8ff1c5\" data-id=\"2e8ff1c5\" data-element_type=\"column\" data-e-type=\"column\">\n\t\t\t<div class=\"elementor-widget-wrap elementor-element-populated\">\n\t\t\t\t\t\t<section class=\"elementor-section elementor-inner-section elementor-element elementor-element-23f536af elementor-section-full_width elementor-section-height-default elementor-section-height-default\" data-id=\"23f536af\" data-element_type=\"section\" data-e-type=\"section\" data-settings=\"{&quot;background_background&quot;:&quot;classic&quot;}\">\n\t\t\t\t\t\t<div class=\"elementor-container elementor-column-gap-default\">\n\t\t\t\t\t<div class=\"elementor-column elementor-col-50 elementor-inner-column elementor-element elementor-element-58fa8f38\" data-id=\"58fa8f38\" data-element_type=\"column\" data-e-type=\"column\">\n\t\t\t<div class=\"elementor-widget-wrap elementor-element-populated\">\n\t\t\t\t\t\t<div class=\"elementor-element elementor-element-6b2a50e0 elementor-widget elementor-widget-elementskit-heading\" data-id=\"6b2a50e0\" data-element_type=\"widget\" data-e-type=\"widget\" data-widget_type=\"elementskit-heading.default\">\n\t\t\t\t<div class=\"elementor-widget-container\">\n\t\t\t\t\t<div class=\"ekit-wid-con\" ><div class=\"ekit-heading elementskit-section-title-wraper text_left   ekit_heading_tablet-   ekit_heading_mobile-text_center\"><p class=\"ekit-heading--title elementskit-section-title\">Prenez contact avec nous d\u00e8s aujourd'hui<\/p>\t\t\t\t<div class='ekit-heading__description'>\n\t\t\t\t\t<p>pour plus d'informations sur nos produits de charbon actif ou pour obtenir des devis, des \u00e9chantillons, des TDS et MSDS, etc.<\/p>\n\t\t\t\t<\/div>\n\t\t\t<\/div><\/div>\t\t\t\t<\/div>\n\t\t\t\t<\/div>\n\t\t\t\t\t<\/div>\n\t\t<\/div>\n\t\t\t\t<div class=\"elementor-column elementor-col-50 elementor-inner-column elementor-element elementor-element-77df4656\" data-id=\"77df4656\" data-element_type=\"column\" data-e-type=\"column\">\n\t\t\t<div class=\"elementor-widget-wrap elementor-element-populated\">\n\t\t\t\t\t\t<div class=\"elementor-element elementor-element-5810733d elementor-align-right elementor-align--mobilecenter elementor-widget elementor-widget-elementskit-button\" data-id=\"5810733d\" data-element_type=\"widget\" data-e-type=\"widget\" data-widget_type=\"elementskit-button.default\">\n\t\t\t\t<div class=\"elementor-widget-container\">\n\t\t\t\t\t<div class=\"ekit-wid-con\" >\t\t<div class=\"ekit-btn-wraper\">\n\t\t\t\t\t\t\t<a href=\"#elementor-action%3Aaction%3Dpopup%3Aopen%26settings%3DeyJpZCI6IjEzNDQiLCJ0b2dnbGUiOmZhbHNlfQ%3D%3D\" class=\"elementskit-btn  whitespace--normal\" id=\"\">\n\t\t\t\t\tObtenir un devis\t\t\t\t<\/a>\n\t\t\t\t\t<\/div>\n        <\/div>\t\t\t\t<\/div>\n\t\t\t\t<\/div>\n\t\t\t\t\t<\/div>\n\t\t<\/div>\n\t\t\t\t\t<\/div>\n\t\t<\/section>\n\t\t\t\t\t<\/div>\n\t\t<\/div>\n\t\t\t\t\t<\/div>\n\t\t<\/section>\n\t\t\t\t<\/div>","protected":false},"excerpt":{"rendered":"<p>Activated granular carbon, made of coconut shell, has excellent wear resistance, gold absorption rate and environmental protection. Used for gold recovery on gold mines. 6*12mesh, 8*16mesh \/ CTC55-60 \/ Iodine value: 1050-1200 Packing specification: 25kg\/bag info@activatedcarbon.net Description Edit Content ZLGLOD is coconut shell based activated carbon. It is known for its adsorption capacity (surface area), [&hellip;]<\/p>\n","protected":false},"author":1,"featured_media":5480,"parent":0,"menu_order":0,"comment_status":"closed","ping_status":"closed","template":"","meta":{"_uag_custom_page_level_css":"","footnotes":""},"class_list":["post-5468","page","type-page","status-publish","has-post-thumbnail","hentry"],"uagb_featured_image_src":{"full":["https:\/\/activatedcarbon.net\/wp-content\/uploads\/2022\/12\/Coconut-shell-activated-carbon-for-gold-mining.jpg",706,706,false],"thumbnail":["https:\/\/activatedcarbon.net\/wp-content\/uploads\/2022\/12\/Coconut-shell-activated-carbon-for-gold-mining-150x150.jpg",150,150,true],"medium":["https:\/\/activatedcarbon.net\/wp-content\/uploads\/2022\/12\/Coconut-shell-activated-carbon-for-gold-mining-300x300.jpg",300,300,true],"medium_large":["https:\/\/activatedcarbon.net\/wp-content\/uploads\/2022\/12\/Coconut-shell-activated-carbon-for-gold-mining.jpg",706,706,false],"large":["https:\/\/activatedcarbon.net\/wp-content\/uploads\/2022\/12\/Coconut-shell-activated-carbon-for-gold-mining.jpg",706,706,false],"1536x1536":["https:\/\/activatedcarbon.net\/wp-content\/uploads\/2022\/12\/Coconut-shell-activated-carbon-for-gold-mining.jpg",706,706,false],"2048x2048":["https:\/\/activatedcarbon.net\/wp-content\/uploads\/2022\/12\/Coconut-shell-activated-carbon-for-gold-mining.jpg",706,706,false],"trp-custom-language-flag":["https:\/\/activatedcarbon.net\/wp-content\/uploads\/2022\/12\/Coconut-shell-activated-carbon-for-gold-mining-12x12.jpg",12,12,true]},"uagb_author_info":{"display_name":"zhulincarbon","author_link":"https:\/\/activatedcarbon.net\/fr\/author\/zhulincarbon\/"},"uagb_comment_info":0,"uagb_excerpt":"Activated granular carbon, made of coconut shell, has excellent wear resistance, gold absorption rate and environmental protection. Used for gold recovery on gold mines. 6*12mesh, 8*16mesh \/ CTC55-60 \/ Iodine value: 1050-1200 Packing specification: 25kg\/bag info@activatedcarbon.net Description Edit Content ZLGLOD is coconut shell based activated carbon. It is known for its adsorption capacity (surface area),\u2026","_links":{"self":[{"href":"https:\/\/activatedcarbon.net\/fr\/wp-json\/wp\/v2\/pages\/5468","targetHints":{"allow":["GET"]}}],"collection":[{"href":"https:\/\/activatedcarbon.net\/fr\/wp-json\/wp\/v2\/pages"}],"about":[{"href":"https:\/\/activatedcarbon.net\/fr\/wp-json\/wp\/v2\/types\/page"}],"author":[{"embeddable":true,"href":"https:\/\/activatedcarbon.net\/fr\/wp-json\/wp\/v2\/users\/1"}],"replies":[{"embeddable":true,"href":"https:\/\/activatedcarbon.net\/fr\/wp-json\/wp\/v2\/comments?post=5468"}],"version-history":[{"count":1,"href":"https:\/\/activatedcarbon.net\/fr\/wp-json\/wp\/v2\/pages\/5468\/revisions"}],"predecessor-version":[{"id":10694,"href":"https:\/\/activatedcarbon.net\/fr\/wp-json\/wp\/v2\/pages\/5468\/revisions\/10694"}],"wp:featuredmedia":[{"embeddable":true,"href":"https:\/\/activatedcarbon.net\/fr\/wp-json\/wp\/v2\/media\/5480"}],"wp:attachment":[{"href":"https:\/\/activatedcarbon.net\/fr\/wp-json\/wp\/v2\/media?parent=5468"}],"curies":[{"name":"wp","href":"https:\/\/api.w.org\/{rel}","templated":true}]}}