{"id":417,"date":"2022-09-03T16:02:01","date_gmt":"2022-09-03T16:02:01","guid":{"rendered":"http:\/\/activatedcarbon.net\/?page_id=417"},"modified":"2025-11-06T17:19:04","modified_gmt":"2025-11-06T09:19:04","slug":"faq","status":"publish","type":"page","link":"https:\/\/activatedcarbon.net\/es\/faq\/","title":{"rendered":"PREGUNTAS FRECUENTES"},"content":{"rendered":"\t\t<div data-elementor-type=\"wp-page\" data-elementor-id=\"417\" class=\"elementor elementor-417\" data-elementor-post-type=\"page\">\n\t\t\t\t\t\t<section class=\"elementor-section elementor-top-section elementor-element elementor-element-6e1740a elementor-section-boxed elementor-section-height-default elementor-section-height-default\" data-id=\"6e1740a\" data-element_type=\"section\" data-e-type=\"section\" data-settings=\"{&quot;background_background&quot;:&quot;classic&quot;}\">\n\t\t\t\t\t\t\t<div class=\"elementor-background-overlay\"><\/div>\n\t\t\t\t\t\t\t<div class=\"elementor-container elementor-column-gap-default\">\n\t\t\t\t\t<div class=\"elementor-column elementor-col-100 elementor-top-column elementor-element elementor-element-10058b3d\" data-id=\"10058b3d\" data-element_type=\"column\" data-e-type=\"column\">\n\t\t\t<div class=\"elementor-widget-wrap elementor-element-populated\">\n\t\t\t\t\t\t<div class=\"elementor-element elementor-element-3caf76fb elementor-widget elementor-widget-heading\" data-id=\"3caf76fb\" data-element_type=\"widget\" data-e-type=\"widget\" data-widget_type=\"heading.default\">\n\t\t\t\t<div class=\"elementor-widget-container\">\n\t\t\t\t\t<h1 class=\"elementor-heading-title elementor-size-default\">Client Question<\/h1>\t\t\t\t<\/div>\n\t\t\t\t<\/div>\n\t\t\t\t\t<\/div>\n\t\t<\/div>\n\t\t\t\t\t<\/div>\n\t\t<\/section>\n\t\t\t\t<section class=\"elementor-section elementor-top-section elementor-element elementor-element-2cafce03 elementor-section-content-middle elementor-reverse-tablet elementor-reverse-mobile elementor-section-boxed elementor-section-height-default elementor-section-height-default\" data-id=\"2cafce03\" data-element_type=\"section\" data-e-type=\"section\" data-settings=\"{&quot;background_background&quot;:&quot;classic&quot;}\">\n\t\t\t\t\t\t<div class=\"elementor-container elementor-column-gap-default\">\n\t\t\t\t\t<div class=\"elementor-column elementor-col-100 elementor-top-column elementor-element elementor-element-55cc339\" data-id=\"55cc339\" data-element_type=\"column\" data-e-type=\"column\">\n\t\t\t<div class=\"elementor-widget-wrap elementor-element-populated\">\n\t\t\t\t\t\t<div class=\"elementor-element elementor-element-5faec87 elementor-widget elementor-widget-elementskit-advanced-toggle\" data-id=\"5faec87\" data-element_type=\"widget\" data-e-type=\"widget\" data-widget_type=\"elementskit-advanced-toggle.default\">\n\t\t\t\t<div class=\"elementor-widget-container\">\n\t\t\t\t\t<div class=\"ekit-wid-con\" ><div class=\"elementkit-toggle-tab-wraper\">\n    <div class=\"elemenetskit-toogle-controls-wraper-outer\">\n        <div class=\"elemenetskit-toogle-controls-wraper\">\n            <div class=\"elemenetskit-toggle-indicator\"><\/div>\n            <ul class=\"nav nav-tabs elementkit-tab-nav\">\n                                    <li data-elementor_current_item=\"elementor-repeater-item-384e72b\" class=\"elementor-repeater-item-384e72b \">\n                        <a class=\"elementskit-toggle-nav-link  active\" id=\"content-384e72b69de32eea0f11-tab\" data-ekit-toggle=\"tab\" href=\"#content-384e72b69de32eea0f11\"\n                        aria-describedby=\"content-384e72b69de32eea0f11\" data-indicator-color=\"\">\n                                                            <span class=\"elementskit-tab-title\">General<\/span>\n                                                    <\/a>\n                    <\/li>\n                                    <li data-elementor_current_item=\"elementor-repeater-item-a90de90\" class=\"elementor-repeater-item-a90de90 \">\n                        <a class=\"elementskit-toggle-nav-link \" id=\"content-a90de9069de32eea0f11-tab\" data-ekit-toggle=\"tab\" href=\"#content-a90de9069de32eea0f11\"\n                        aria-describedby=\"content-a90de9069de32eea0f11\" data-indicator-color=\"\">\n                                                            <span class=\"elementskit-tab-title\">Activated Carbon<\/span>\n                                                    <\/a>\n                    <\/li>\n                            <\/ul>\n        <\/div>\n    <\/div>\n    <div class=\"tab-content elementkit-toggle-tab-content\">\n                    <div \n            class=\"tab-pane elementkit-toggle-tab-pane elementor-repeater-item-384e72b  active show\" \n            id=\"content-384e72b69de32eea0f11\" \n            role=\"tabpanel\"\n            aria-labelledby=\"content-384e72b69de32eea0f11-tab\">\n                <div class=\"animated fadeIn\">\n                    \n\t\t<div class=\"widgetarea_warper widgetarea_warper_editable\" data-elementskit-widgetarea-key=\"5faec87\"  data-elementskit-widgetarea-index=\"384e72b\">\n\t\t\t\n\t\t\t\n\t\t\t\t\t\t\t\t<div class=\"ekit-widget-area-container\">\n\t\t\t\t\t\t\t<div data-elementor-type=\"wp-post\" data-elementor-id=\"5983\" class=\"elementor elementor-5983\" data-elementor-post-type=\"elementskit_content\">\n\t\t\t\t\t\t<section class=\"elementor-section elementor-top-section elementor-element elementor-element-543c6d7 elementor-section-boxed elementor-section-height-default elementor-section-height-default\" data-id=\"543c6d7\" data-element_type=\"section\" data-e-type=\"section\">\n\t\t\t\t\t\t<div class=\"elementor-container elementor-column-gap-default\">\n\t\t\t\t\t<div class=\"elementor-column elementor-col-100 elementor-top-column elementor-element elementor-element-0fb8d17\" data-id=\"0fb8d17\" data-element_type=\"column\" data-e-type=\"column\">\n\t\t\t<div class=\"elementor-widget-wrap elementor-element-populated\">\n\t\t\t\t\t\t<div class=\"elementor-element elementor-element-267d870 elementor-widget elementor-widget-text-editor\" data-id=\"267d870\" data-element_type=\"widget\" data-e-type=\"widget\" data-widget_type=\"text-editor.default\">\n\t\t\t\t<div class=\"elementor-widget-container\">\n\t\t\t\t\t\t\t\t\t<h3>What companies do you work with?<\/h3><p style=\"margin-top: 5px; margin-bottom: 30px;\">Our clients are a number of national end users, tender projects and purchasers. Due to the proprietary and competitive nature of the projects we work on, we do not disclose the names of our clients. However, we do share some project examples on a regular basis.\u00a0<\/p><h3>How much production capacity do you have?\u00a0<\/h3><p style=\"margin-bottom: 30px; margin-top: 5px;\">We currently have four production plants for the production of columnar carbon, coal carbon, coconut shell carbon and wood activated carbon, with a total product of 30,000 tons per year for all types of products. This number is always changing as we develop over time.\u00a0<\/p><h3>How do I get a quote?\u00a0<\/h3><p style=\"margin-top: 5px; margin-bottom: 30px;\">To get a quote on our products, simply submit your request on our website, or contact us by phone or email. You will receive a quote, TDS, product packaging and other information within hours. If a special type of activated carbon is required or if activated carbon is recommended for an application, we will contact a technical expert to help and suggest possible solutions.\u00a0<\/p><h3>I don&#8217;t have specific information about activated carbon. Can you recommend it for me or provide samples?\u00a0<\/h3><p style=\"margin-top: 5px; margin-bottom: 30px;\">Absolutely yes, we have activated carbon use and solutions for all types of applications, and our technical team will provide collaboration. If samples are needed, we will provide them free of charge.\u00a0<\/p><h3>What support do you have for bidding projects?\u00a0<\/h3><p style=\"margin-top: 5px; margin-bottom: 30px;\">Indicator projects have a long time cycle, strict price requirements, and requirements for suppliers. We have a large number of cooperation cases for water treatment projects and sugar plant bidding projects. We will provide customer satisfaction support in providing information, guaranteeing price validity, fast delivery of products, and quality commitment.\u00a0<\/p><h3>Do you have the necessary certificates and certifications for procurement?\u00a0<\/h3><p style=\"margin-bottom: 30px; margin-top: 5px;\">Our products are manufactured in accordance with ISO standards and domestic production standards. There are different quality certifications for different applications, such as NSF certification required for water treatment projects, kosher certification for food, halal certification, etc. <a href=\"https:\/\/activatedcarbon.net\/certifications\/\" target=\"_blank\" rel=\"noopener\"><span style=\"text-decoration: underline; color: #0000ff;\"><em>Click to view<\/em><\/span>\u00a0<\/a><\/p><h3>I need my own company branded packaging, can you provide support?\u00a0<\/h3><p style=\"margin-bottom: 30px; margin-top: 5px;\">Yes, you can send your designed packaging files (PDF\/Ai) or our own designers can design the packaging for you.<\/p>\t\t\t\t\t\t\t\t<\/div>\n\t\t\t\t<\/div>\n\t\t\t\t\t<\/div>\n\t\t<\/div>\n\t\t\t\t\t<\/div>\n\t\t<\/section>\n\t\t\t\t<\/div>\n\t\t\t\t\t\t\t<\/div>\n\t\t\t\t\t\t<\/div>\n\t\t                <\/div>\n            <\/div>\n                    <div \n            class=\"tab-pane elementkit-toggle-tab-pane elementor-repeater-item-a90de90 \" \n            id=\"content-a90de9069de32eea0f11\" \n            role=\"tabpanel\"\n            aria-labelledby=\"content-a90de9069de32eea0f11-tab\">\n                <div class=\"animated fadeIn\">\n                    \n\t\t<div class=\"widgetarea_warper widgetarea_warper_editable\" data-elementskit-widgetarea-key=\"5faec87\"  data-elementskit-widgetarea-index=\"a90de90\">\n\t\t\t\n\t\t\t\n\t\t\t\t\t\t\t\t<div class=\"ekit-widget-area-container\">\n\t\t\t\t\t\t\t<div data-elementor-type=\"wp-post\" data-elementor-id=\"5995\" class=\"elementor elementor-5995\" data-elementor-post-type=\"elementskit_content\">\n\t\t\t\t\t\t<section class=\"elementor-section elementor-top-section elementor-element elementor-element-ca0ee33 elementor-section-boxed elementor-section-height-default elementor-section-height-default\" data-id=\"ca0ee33\" data-element_type=\"section\" data-e-type=\"section\">\n\t\t\t\t\t\t<div class=\"elementor-container elementor-column-gap-default\">\n\t\t\t\t\t<div class=\"elementor-column elementor-col-100 elementor-top-column elementor-element elementor-element-4271730\" data-id=\"4271730\" data-element_type=\"column\" data-e-type=\"column\">\n\t\t\t<div class=\"elementor-widget-wrap elementor-element-populated\">\n\t\t\t\t\t\t<div class=\"elementor-element elementor-element-6492df6 elementor-widget elementor-widget-text-editor\" data-id=\"6492df6\" data-element_type=\"widget\" data-e-type=\"widget\" data-widget_type=\"text-editor.default\">\n\t\t\t\t<div class=\"elementor-widget-container\">\n\t\t\t\t\t\t\t\t\t<h3>What is Activated Carbon?<\/h3><p style=\"margin-top: 5px; margin-bottom: 30px;\">Activated carbon is a highly porous substance that attracts and holds organic chemicals inside it. To make activated carbon, first you burn carbon-rich material (without any oxygen) to create a carbon \u201cchar\u201d. Then, you treat the \u201cchar\u201d with chemicals or heat it up to make the internal spaces in the char larger and more interconnected. This makes activated carbon even better at attracting chemicals than before.<\/p><h3>Is There Difference Between Activated Carbon and Activated Charcoal?<\/h3><p style=\"margin-bottom: 30px; margin-top: 5px;\">Some people believe that there is a difference between activated carbon and activated charcoal. However, these two terms are used interchangeably in the field. Likewise, active carbon can also refer to activated carbon and charcoal. All three phrases refer to the same substance.<\/p><h3>What is Activated Carbon Made from?<\/h3><p style=\"margin-top: 5px; margin-bottom: 30px;\">At Zhulin Carbon, we carry several types of activated carbon\u2014made from bituminous coal, lignite coal, anthracite coal, coconut shell, apricot shell and wood.<\/p><h3>What are Micropores, Mesopores and Maropores?<\/h3><p style=\"margin-top: 5px; margin-bottom: 30px;\">Micropores: Tiny pores less than 2 nanometers in diameter; Mesopores: Larger pores between 2 and 50 nanometers in diameter; Macropores: Still larger pores greater than 50 nanometers in diameter.<\/p><h3>Which Activated Carbon Should I use?<\/h3><p style=\"margin-top: 5px; margin-bottom: 30px;\">Choosing an appropriate carbon for your application can be a daunting task. Whether you\u2019re treating a gas or a liquid, there are many different sizes and types of carbon available. Coal-based, coconut shell-based, or other substrates\u2014choosing the right one for your application is important!<br \/><br \/>When you\u2019re deciding whether to use carbon to treat a vapor or liquid stream, consider the size of the particles. Smaller particles are good for liquids, which have a shorter distance to travel before they get inside the carbon. Larger particles are best for gases, because they need less pressure drop to overcome their resistance. There are different substrate options available\u2014choose one based on your needs.<\/p>\t\t\t\t\t\t\t\t<\/div>\n\t\t\t\t<\/div>\n\t\t\t\t\t<\/div>\n\t\t<\/div>\n\t\t\t\t\t<\/div>\n\t\t<\/section>\n\t\t\t\t<\/div>\n\t\t\t\t\t\t\t<\/div>\n\t\t\t\t\t\t<\/div>\n\t\t                <\/div>\n            <\/div>\n            <\/div>\n<\/div><\/div>\t\t\t\t<\/div>\n\t\t\t\t<\/div>\n\t\t\t\t\t<\/div>\n\t\t<\/div>\n\t\t\t\t\t<\/div>\n\t\t<\/section>\n\t\t\t\t<section class=\"elementor-section elementor-top-section elementor-element elementor-element-6f74ad6d elementor-section-boxed elementor-section-height-default elementor-section-height-default\" data-id=\"6f74ad6d\" data-element_type=\"section\" data-e-type=\"section\" data-settings=\"{&quot;background_background&quot;:&quot;classic&quot;}\">\n\t\t\t\t\t\t\t<div class=\"elementor-background-overlay\"><\/div>\n\t\t\t\t\t\t\t<div class=\"elementor-container elementor-column-gap-default\">\n\t\t\t\t\t<div class=\"elementor-column elementor-col-50 elementor-top-column elementor-element elementor-element-6694c9c\" data-id=\"6694c9c\" data-element_type=\"column\" data-e-type=\"column\" data-settings=\"{&quot;background_background&quot;:&quot;classic&quot;}\">\n\t\t\t<div class=\"elementor-widget-wrap elementor-element-populated\">\n\t\t\t\t\t\t<div class=\"elementor-element elementor-element-1a9358b9 elementor-widget elementor-widget-heading\" data-id=\"1a9358b9\" data-element_type=\"widget\" data-e-type=\"widget\" data-widget_type=\"heading.default\">\n\t\t\t\t<div class=\"elementor-widget-container\">\n\t\t\t\t\t<h3 class=\"elementor-heading-title elementor-size-default\">Get the best solution now!\n<\/h3>\t\t\t\t<\/div>\n\t\t\t\t<\/div>\n\t\t\t\t<div class=\"elementor-element elementor-element-654633b elementor-button-align-stretch elementor-widget elementor-widget-form\" data-id=\"654633b\" data-element_type=\"widget\" data-e-type=\"widget\" data-settings=\"{&quot;step_next_label&quot;:&quot;Next&quot;,&quot;step_previous_label&quot;:&quot;Previous&quot;,&quot;button_width&quot;:&quot;100&quot;,&quot;step_type&quot;:&quot;number_text&quot;,&quot;step_icon_shape&quot;:&quot;circle&quot;}\" data-widget_type=\"form.default\">\n\t\t\t\t<div class=\"elementor-widget-container\">\n\t\t\t\t\t\t\t<form class=\"elementor-form\" method=\"post\" name=\"New Form\" aria-label=\"New Form\">\n\t\t\t<input type=\"hidden\" name=\"post_id\" value=\"417\"\/>\n\t\t\t<input type=\"hidden\" name=\"form_id\" value=\"654633b\"\/>\n\t\t\t<input type=\"hidden\" name=\"referer_title\" value=\"Activated Carbon FAQ\" \/>\n\n\t\t\t\t\t\t\t<input type=\"hidden\" name=\"queried_id\" value=\"417\"\/>\n\t\t\t\n\t\t\t<div class=\"elementor-form-fields-wrapper elementor-labels-above\">\n\t\t\t\t\t\t\t\t<div class=\"elementor-field-type-text elementor-field-group elementor-column elementor-field-group-name elementor-col-50\">\n\t\t\t\t\t\t\t\t\t\t\t\t<label for=\"form-field-name\" class=\"elementor-field-label\">\n\t\t\t\t\t\t\t\tName\t\t\t\t\t\t\t<\/label>\n\t\t\t\t\t\t\t\t\t\t\t\t\t\t<input size=\"1\" type=\"text\" name=\"form_fields[name]\" id=\"form-field-name\" class=\"elementor-field elementor-size-md  elementor-field-textual\" placeholder=\"Name\">\n\t\t\t\t\t\t\t\t\t\t\t<\/div>\n\t\t\t\t\t\t\t\t<div class=\"elementor-field-type-tel elementor-field-group elementor-column elementor-field-group-field_007acdf elementor-col-50\">\n\t\t\t\t\t\t\t\t\t\t\t\t<label for=\"form-field-field_007acdf\" class=\"elementor-field-label\">\n\t\t\t\t\t\t\t\tPhone\t\t\t\t\t\t\t<\/label>\n\t\t\t\t\t\t\t\t<input size=\"1\" type=\"tel\" name=\"form_fields[field_007acdf]\" id=\"form-field-field_007acdf\" class=\"elementor-field elementor-size-md  elementor-field-textual\" placeholder=\"Phone\" pattern=\"[0-9()#&amp;+*-=.]+\" title=\"S\u00f3lo se aceptan n\u00fameros y caracteres telef\u00f3nicos (#, -, *, etc).\">\n\n\t\t\t\t\t\t<\/div>\n\t\t\t\t\t\t\t\t<div class=\"elementor-field-type-email elementor-field-group elementor-column elementor-field-group-email elementor-col-100 elementor-field-required\">\n\t\t\t\t\t\t\t\t\t\t\t\t<label for=\"form-field-email\" class=\"elementor-field-label\">\n\t\t\t\t\t\t\t\tEmail\t\t\t\t\t\t\t<\/label>\n\t\t\t\t\t\t\t\t\t\t\t\t\t\t<input size=\"1\" type=\"email\" name=\"form_fields[email]\" id=\"form-field-email\" class=\"elementor-field elementor-size-md  elementor-field-textual\" placeholder=\"Email\" required=\"required\">\n\t\t\t\t\t\t\t\t\t\t\t<\/div>\n\t\t\t\t\t\t\t\t<div class=\"elementor-field-type-textarea elementor-field-group elementor-column elementor-field-group-message elementor-col-100\">\n\t\t\t\t\t\t\t\t\t\t\t\t<label for=\"form-field-message\" class=\"elementor-field-label\">\n\t\t\t\t\t\t\t\tMessage\t\t\t\t\t\t\t<\/label>\n\t\t\t\t\t\t<textarea class=\"elementor-field-textual elementor-field  elementor-size-md\" name=\"form_fields[message]\" id=\"form-field-message\" rows=\"4\" placeholder=\"Message\"><\/textarea>\t\t\t\t<\/div>\n\t\t\t\t\t\t\t\t<div class=\"elementor-field-group elementor-column elementor-field-type-submit elementor-col-100 e-form__buttons\">\n\t\t\t\t\t<button class=\"elementor-button elementor-size-md\" type=\"submit\">\n\t\t\t\t\t\t<span class=\"elementor-button-content-wrapper\">\n\t\t\t\t\t\t\t\t\t\t\t\t\t\t\t\t\t\t\t\t\t\t<span class=\"elementor-button-text\">Send Enquiry<\/span>\n\t\t\t\t\t\t\t\t\t\t\t\t\t<\/span>\n\t\t\t\t\t<\/button>\n\t\t\t\t<\/div>\n\t\t\t<\/div>\n\t\t<\/form>\n\t\t\t\t\t\t<\/div>\n\t\t\t\t<\/div>\n\t\t\t\t\t<\/div>\n\t\t<\/div>\n\t\t\t\t<div class=\"elementor-column elementor-col-50 elementor-top-column elementor-element elementor-element-3825d6f3 elementor-invisible\" data-id=\"3825d6f3\" data-element_type=\"column\" data-e-type=\"column\" data-settings=\"{&quot;animation&quot;:&quot;fadeInRight&quot;}\">\n\t\t\t<div class=\"elementor-widget-wrap elementor-element-populated\">\n\t\t\t\t\t\t<div class=\"elementor-element elementor-element-63141e15 elementor-widget elementor-widget-heading\" data-id=\"63141e15\" data-element_type=\"widget\" data-e-type=\"widget\" data-widget_type=\"heading.default\">\n\t\t\t\t<div class=\"elementor-widget-container\">\n\t\t\t\t\t<h6 class=\"elementor-heading-title elementor-size-default\">WRITE TO US<\/h6>\t\t\t\t<\/div>\n\t\t\t\t<\/div>\n\t\t\t\t<div class=\"elementor-element elementor-element-192cf58b elementor-widget elementor-widget-heading\" data-id=\"192cf58b\" data-element_type=\"widget\" data-e-type=\"widget\" data-widget_type=\"heading.default\">\n\t\t\t\t<div class=\"elementor-widget-container\">\n\t\t\t\t\t<h2 class=\"elementor-heading-title elementor-size-default\">Request A Free Quote\n<\/h2>\t\t\t\t<\/div>\n\t\t\t\t<\/div>\n\t\t\t\t<div class=\"elementor-element elementor-element-743d41f7 elementor-widget elementor-widget-text-editor\" data-id=\"743d41f7\" data-element_type=\"widget\" data-e-type=\"widget\" data-widget_type=\"text-editor.default\">\n\t\t\t\t<div class=\"elementor-widget-container\">\n\t\t\t\t\t\t\t\t\t<p>Send us a message if you have any questions or request a quote. Our experts will give you a reply within 24 hours and help you select the right activated carbon you want.<\/p>\t\t\t\t\t\t\t\t<\/div>\n\t\t\t\t<\/div>\n\t\t\t\t<div class=\"elementor-element elementor-element-1c720271 elementor-position-inline-start elementor-mobile-position-inline-start elementor-view-default elementor-widget elementor-widget-icon-box\" data-id=\"1c720271\" data-element_type=\"widget\" data-e-type=\"widget\" data-widget_type=\"icon-box.default\">\n\t\t\t\t<div class=\"elementor-widget-container\">\n\t\t\t\t\t\t\t<div class=\"elementor-icon-box-wrapper\">\n\n\t\t\t\t\t\t<div class=\"elementor-icon-box-icon\">\n\t\t\t\t<a href=\"mailto:info@activatedcarbon.net\" class=\"elementor-icon\" tabindex=\"-1\" aria-label=\"info@activatedcarbon.net\">\n\t\t\t\t<svg aria-hidden=\"true\" class=\"e-font-icon-svg e-fas-envelope\" viewBox=\"0 0 512 512\" xmlns=\"http:\/\/www.w3.org\/2000\/svg\"><path d=\"M502.3 190.8c3.9-3.1 9.7-.2 9.7 4.7V400c0 26.5-21.5 48-48 48H48c-26.5 0-48-21.5-48-48V195.6c0-5 5.7-7.8 9.7-4.7 22.4 17.4 52.1 39.5 154.1 113.6 21.1 15.4 56.7 47.8 92.2 47.6 35.7.3 72-32.8 92.3-47.6 102-74.1 131.6-96.3 154-113.7zM256 320c23.2.4 56.6-29.2 73.4-41.4 132.7-96.3 142.8-104.7 173.4-128.7 5.8-4.5 9.2-11.5 9.2-18.9v-19c0-26.5-21.5-48-48-48H48C21.5 64 0 85.5 0 112v19c0 7.4 3.4 14.3 9.2 18.9 30.6 23.9 40.7 32.4 173.4 128.7 16.8 12.2 50.2 41.8 73.4 41.4z\"><\/path><\/svg>\t\t\t\t<\/a>\n\t\t\t<\/div>\n\t\t\t\n\t\t\t\t\t\t<div class=\"elementor-icon-box-content\">\n\n\t\t\t\t\t\t\t\t\t<span class=\"elementor-icon-box-title\">\n\t\t\t\t\t\t<a href=\"mailto:info@activatedcarbon.net\" >\n\t\t\t\t\t\t\tinfo@activatedcarbon.net\t\t\t\t\t\t<\/a>\n\t\t\t\t\t<\/span>\n\t\t\t\t\n\t\t\t\t\n\t\t\t<\/div>\n\t\t\t\n\t\t<\/div>\n\t\t\t\t\t\t<\/div>\n\t\t\t\t<\/div>\n\t\t\t\t<div class=\"elementor-element elementor-element-c48c960 elementor-position-inline-start elementor-mobile-position-inline-start elementor-view-default elementor-widget elementor-widget-icon-box\" data-id=\"c48c960\" data-element_type=\"widget\" data-e-type=\"widget\" data-widget_type=\"icon-box.default\">\n\t\t\t\t<div class=\"elementor-widget-container\">\n\t\t\t\t\t\t\t<div class=\"elementor-icon-box-wrapper\">\n\n\t\t\t\t\t\t<div class=\"elementor-icon-box-icon\">\n\t\t\t\t<a href=\"https:\/\/api.whatsapp.com\/send\/?phone=8619949132731&#038;text&#038;app_absent=0\" target=\"_blank\" class=\"elementor-icon\" tabindex=\"-1\" aria-label=\"+86-19949132731\" rel=\"nofollow noopener\">\n\t\t\t\t<i aria-hidden=\"true\" class=\"icon icon-whatsapp-1\"><\/i>\t\t\t\t<\/a>\n\t\t\t<\/div>\n\t\t\t\n\t\t\t\t\t\t<div class=\"elementor-icon-box-content\">\n\n\t\t\t\t\t\t\t\t\t<span class=\"elementor-icon-box-title\">\n\t\t\t\t\t\t<a href=\"https:\/\/api.whatsapp.com\/send\/?phone=8619949132731&#038;text&#038;app_absent=0\" target=\"_blank\" rel=\"nofollow noopener\">\n\t\t\t\t\t\t\t+86-19949132731\t\t\t\t\t\t<\/a>\n\t\t\t\t\t<\/span>\n\t\t\t\t\n\t\t\t\t\n\t\t\t<\/div>\n\t\t\t\n\t\t<\/div>\n\t\t\t\t\t\t<\/div>\n\t\t\t\t<\/div>\n\t\t\t\t<div class=\"elementor-element elementor-element-7cb1d15c elementor-icon-list--layout-inline elementor-list-item-link-full_width elementor-widget elementor-widget-icon-list\" data-id=\"7cb1d15c\" data-element_type=\"widget\" data-e-type=\"widget\" data-widget_type=\"icon-list.default\">\n\t\t\t\t<div class=\"elementor-widget-container\">\n\t\t\t\t\t\t\t<ul class=\"elementor-icon-list-items elementor-inline-items\">\n\t\t\t\t\t\t\t<li class=\"elementor-icon-list-item elementor-inline-item\">\n\t\t\t\t\t\t\t\t\t\t<span class=\"elementor-icon-list-text\">Support 24\/7<\/span>\n\t\t\t\t\t\t\t\t\t<\/li>\n\t\t\t\t\t\t\t\t<li class=\"elementor-icon-list-item elementor-inline-item\">\n\t\t\t\t\t\t\t\t\t\t<span class=\"elementor-icon-list-text\">Free samples<\/span>\n\t\t\t\t\t\t\t\t\t<\/li>\n\t\t\t\t\t\t<\/ul>\n\t\t\t\t\t\t<\/div>\n\t\t\t\t<\/div>\n\t\t\t\t\t<\/div>\n\t\t<\/div>\n\t\t\t\t\t<\/div>\n\t\t<\/section>\n\t\t\t\t<\/div>\n\t\t","protected":false},"excerpt":{"rendered":"<p>Client Question General Activated Carbon Edit Content What companies do you work with? Our clients are a number of national end users, tender projects and purchasers. Due to the proprietary and competitive nature of the projects we work on, we do not disclose the names of our clients. However, we do share some project examples [&hellip;]<\/p>\n","protected":false},"author":1,"featured_media":0,"parent":0,"menu_order":0,"comment_status":"closed","ping_status":"closed","template":"","meta":{"_uag_custom_page_level_css":"","footnotes":""},"class_list":["post-417","page","type-page","status-publish","hentry"],"uagb_featured_image_src":{"full":false,"thumbnail":false,"medium":false,"medium_large":false,"large":false,"1536x1536":false,"2048x2048":false,"trp-custom-language-flag":false},"uagb_author_info":{"display_name":"zhulincarbon","author_link":"https:\/\/activatedcarbon.net\/es\/author\/zhulincarbon\/"},"uagb_comment_info":0,"uagb_excerpt":"Client Question General Activated Carbon Edit Content What companies do you work with? Our clients are a number of national end users, tender projects and purchasers. Due to the proprietary and competitive nature of the projects we work on, we do not disclose the names of our clients. However, we do share some project examples&hellip;","_links":{"self":[{"href":"https:\/\/activatedcarbon.net\/es\/wp-json\/wp\/v2\/pages\/417","targetHints":{"allow":["GET"]}}],"collection":[{"href":"https:\/\/activatedcarbon.net\/es\/wp-json\/wp\/v2\/pages"}],"about":[{"href":"https:\/\/activatedcarbon.net\/es\/wp-json\/wp\/v2\/types\/page"}],"author":[{"embeddable":true,"href":"https:\/\/activatedcarbon.net\/es\/wp-json\/wp\/v2\/users\/1"}],"replies":[{"embeddable":true,"href":"https:\/\/activatedcarbon.net\/es\/wp-json\/wp\/v2\/comments?post=417"}],"version-history":[{"count":1,"href":"https:\/\/activatedcarbon.net\/es\/wp-json\/wp\/v2\/pages\/417\/revisions"}],"predecessor-version":[{"id":10701,"href":"https:\/\/activatedcarbon.net\/es\/wp-json\/wp\/v2\/pages\/417\/revisions\/10701"}],"wp:attachment":[{"href":"https:\/\/activatedcarbon.net\/es\/wp-json\/wp\/v2\/media?parent=417"}],"curies":[{"name":"wp","href":"https:\/\/api.w.org\/{rel}","templated":true}]}}